{"id":13442,"date":"2022-03-12T10:42:03","date_gmt":"2022-03-12T10:42:03","guid":{"rendered":"https:\/\/www.taxitronic.com\/privacy-policy-smart-td\/"},"modified":"2024-01-18T09:25:55","modified_gmt":"2024-01-18T09:25:55","slug":"bedingungen-smart-td","status":"publish","type":"page","link":"https:\/\/www.taxitronic.com\/de\/bedingungen-smart-td\/","title":{"rendered":"Bedingungen Smart TD"},"content":{"rendered":"<div  class=\"tatsu-B1-NXPg5Zc tatsu-section  tatsu-bg-overlay   tatsu-clearfix\" data-title=\"\"  data-headerscheme=\"background--dark\"><div class='tatsu-section-pad clearfix' data-padding='{\"d\":\"90px 0px 90px 0px\"}' data-padding-top='90px'><div class=\"tatsu-row-wrap  tatsu-wrap tatsu-row-one-col tatsu-row-has-one-cols tatsu-medium-gutter tatsu-reg-cols  tatsu-clearfix tatsu-HJx4Qvecb5\" ><div  class=\"tatsu-row \" ><div  class=\"tatsu-column  tatsu-bg-overlay tatsu-one-col tatsu-column-image-none tatsu-column-effect-none  tatsu-ByNmDe5-5\"  data-parallax-speed=\"0\" style=\"\"><div class=\"tatsu-column-inner \" ><div class=\"tatsu-column-pad-wrap\"><div class=\"tatsu-column-pad\" ><div  class=\"tatsu-module tatsu-inline-text clearfix tatsu-B1edwecbq   \" ><style>.tatsu-B1edwecbq .tatsu-inline-text-inner{width: 100%;text-align: left;}.tatsu-B1edwecbq.tatsu-inline-text .tatsu-inline-text-inner *{font-family : \"Roboto\",-apple-system,BlinkMacSystemFont,'Segoe UI',Roboto,Oxygen-Sans,Ubuntu,Cantarell,'Helvetica Neue',sans-serif;font-weight : 700;text-transform : none;font-size : 66px;}@media only screen and (max-width: 767px) {.tatsu-B1edwecbq .tatsu-inline-text-inner{width: 100%;}.tatsu-B1edwecbq.tatsu-inline-text .tatsu-inline-text-inner *{font-family : \"Roboto\",-apple-system,BlinkMacSystemFont,'Segoe UI',Roboto,Oxygen-Sans,Ubuntu,Cantarell,'Helvetica Neue',sans-serif;font-weight : 700;text-transform : none;font-size : 61px;line-height : 57px;}}<\/style><div class=\"tatsu-inline-text-inner tatsu-align-center\">\n<p>Bedingungen Smart TD<\/p>\n<\/div><\/div><\/div><\/div><div class = \"tatsu-column-bg-image-wrap\"><div class = \"tatsu-column-bg-image\" ><\/div><\/div><div class=\"tatsu-overlay tatsu-column-overlay tatsu-animate-none\" ><\/div><\/div><style>.tatsu-row > .tatsu-ByNmDe5-5.tatsu-column{width: 100%;}.tatsu-ByNmDe5-5.tatsu-column > .tatsu-column-inner > .tatsu-column-overlay{mix-blend-mode: normal;}.tatsu-ByNmDe5-5 > .tatsu-column-inner > .tatsu-top-divider{z-index: 9999;}.tatsu-ByNmDe5-5 > .tatsu-column-inner > .tatsu-bottom-divider{z-index: 9999;}.tatsu-ByNmDe5-5 > .tatsu-column-inner > .tatsu-left-divider{z-index: 9999;}.tatsu-ByNmDe5-5 > .tatsu-column-inner > .tatsu-right-divider{z-index: 9999;}@media only screen and (max-width:1377px) {.tatsu-row > .tatsu-ByNmDe5-5.tatsu-column{width: 100%;}}@media only screen and (min-width:768px) and (max-width: 1024px) {.tatsu-row > .tatsu-ByNmDe5-5.tatsu-column{width: 100%;}}@media only screen and (max-width: 767px) {.tatsu-row > .tatsu-ByNmDe5-5.tatsu-column{width: 100%;}}<\/style><\/div><\/div><\/div><\/div><div class=\"tatsu-section-background-wrap\"><div class = \"tatsu-section-background\" ><\/div><\/div><div class=\"tatsu-overlay tatsu-section-overlay\"><\/div><style>.tatsu-B1-NXPg5Zc .tatsu-section-pad{padding: 90px 0px 90px 0px;}.tatsu-B1-NXPg5Zc .tatsu-section-offset-wrap{transform: translateY(-0px);}.tatsu-B1-NXPg5Zc > .tatsu-bottom-divider{z-index: 9999;}.tatsu-B1-NXPg5Zc > .tatsu-top-divider{z-index: 9999;}.tatsu-B1-NXPg5Zc .tatsu-section-overlay{mix-blend-mode: normal;}<\/style><\/div><div  class=\"tatsu-HkZ88Pg9Z9 tatsu-section  tatsu-bg-overlay   tatsu-clearfix\" data-title=\"\"  data-headerscheme=\"background--dark\"><div class='tatsu-section-pad clearfix' data-padding='{\"d\":\"90px 0px 90px 0px\"}' data-padding-top='90px'><div class=\"tatsu-row-wrap  tatsu-wrap tatsu-row-one-col tatsu-row-has-one-cols tatsu-medium-gutter tatsu-reg-cols  tatsu-clearfix tatsu-HJgULPlc-c\" ><div  class=\"tatsu-row \" ><div  class=\"tatsu-column  tatsu-bg-overlay tatsu-one-col tatsu-column-image-none tatsu-column-effect-none  tatsu-rJLLwl9-q\"  data-parallax-speed=\"0\" style=\"\"><div class=\"tatsu-column-inner \" ><div class=\"tatsu-column-pad-wrap\"><div class=\"tatsu-column-pad\" ><div  class=\"tatsu-module tatsu-text-block-wrap tatsu-H12Lwl9Zc  \"><div class=\"tatsu-text-inner tatsu-align-center  clearfix\" ><style>.tatsu-H12Lwl9Zc.tatsu-text-block-wrap .tatsu-text-inner{width: 100%;text-align: left;}<\/style>\n<p><strong>SMART TD DATENSCHUTZRICHTLINIE<\/strong><\/p>\n<p>Die Einhaltung der Privatsph\u00e4re der Benutzer sowie der Schutz und die Sicherheit ihrer pers\u00f6nlichen Daten ist eine Verpflichtung von INTERFACOM, S.A.U., dem Unternehmen, das die SMART TD Anwendung entwickelt und pflegt. Die Namen INTERFACOM, S.A.U. und SMART TD k\u00f6nnen f\u00fcr die Zwecke dieser Datenschutzrichtlinie von nun an austauschbar verwendet werden.\u00a0<\/p>\n<p>Diese Datenschutzrichtlinie informiert den Benutzer \u00fcber die Art und Weise, in der SMART TD die \u00fcber die Anwendung bereitgestellten personenbezogenen Daten sammelt, bearbeitet und sch\u00fctzt. Der Benutzer mu\u00df diese Datenschutzrichtlinie sorgf\u00e4ltig lesen und frei und freiwillig entscheiden, ob er die Politik der Verwendung seiner pers\u00f6nlichen Daten durch SMART TD akzeptiert.<\/p>\n<p>Ebenso garantiert der Benutzer, da\u00df er\/sie \u00fcber achtzehn Jahre alt ist und da\u00df die angegebenen Daten wahr, genau, vollst\u00e4ndig und aktuell sind, wobei er\/sie f\u00fcr alle direkten oder indirekten Sch\u00e4den verantwortlich ist, die als Folge der Nichterf\u00fcllung dieser Verpflichtung entstehen k\u00f6nnten.<\/p>\n<ol>\n<li><strong>Datenschutz und Verantwortlichkeit<\/strong><\/li>\n<\/ol>\n<p>SMART TD hat die Ma\u00dfnahmen und Sicherheitsebenen zum Schutz personenbezogener Daten \u00fcbernommen, die von der Allgemeinen Verordnung (EU) 2016\/679 vom 27. April 2016 zum Datenschutz (im Folgenden &#8222;GDPR&#8220;) und anderen anwendbaren Vorschriften gefordert werden. Die pers\u00f6nlichen Daten, die \u00fcber diese Anwendung gesammelt werden, unterliegen einer automatisierten Verarbeitung und werden in eine Datei aufgenommen, deren Eigent\u00fcmer und Verwalter INTERFACOM, S.A.U., ein nach spanischem Recht gegr\u00fcndetes Unternehmen mit der Umsatzsteuer-ID ES A-58225137 und Sitz in der Calle Alejandro S\u00e1nchez 109, 28019 &#8211; Madrid ist.<\/p>\n<p>Um SMART TD in Bezug auf diese Datenschutzrichtlinie zu kontaktieren, k\u00f6nnen Sie dies \u00fcber die Postanschrift von INTERFACOM, S.A.U. unter ALEJANDRO SANCHEZ, 109, 28019 &#8211; Madrid, MADRID, oder per E-Mail an privacidad@flexitrongroup.com.<\/p>\n<p><strong>2. Erhebung von personenbezogenen Daten und Zweck der Verarbeitung<\/strong><\/p>\n<p>Smart TD verwendet die folgenden personenbezogenen Daten des Benutzers der Anwendung<\/p>\n<ul>\n<li>SMART TD Anwendungs-Benutzercode.<\/li>\n<li>Position des Fahrzeugs, in dem die SMART TD Anwendung installiert ist. Die Position kann sowohl bei der Anwendung im Vordergrund als auch bei der Anwendung im Hintergrund an den Server gesendet werden.<\/li>\n<li>Telefonnummer des Fahrers (optional)<\/li>\n<\/ul>\n<p>SMART TD verarbeitet die personenbezogenen Daten des Benutzers f\u00fcr die folgenden spezifischen Zwecke:<\/p>\n<p>Anwendungs-Benutzercode. Die Zwecke dieser personenbezogenen Daten sind<\/p>\n<ul>\n<li>Verwaltung und Kontrolle des Zugriffs auf die Anwendung<\/li>\n<li>Verwaltung und Kontrolle des Zugriffs auf die vom Server f\u00fcr SMART TD bereitgestellten Dienste<\/li>\n<li>Aufzeichnung von Protokollen zur Diagnose<\/li>\n<\/ul>\n<p>Position des Fahrzeugs, in dem die Anwendung installiert ist. Die Position des Fahrzeugs wird immer dann an die Taxi-Zentrale gesendet, wenn der Benutzer die Anwendung aktiv hat, egal ob sie im Vordergrund oder im Hintergrund ist. Die Hauptanwendungen der Position sind<\/p>\n<ul>\n<li>F\u00fcr den Berechnungsalgorithmus, der entscheidet, welches das am besten geeignete Fahrzeug f\u00fcr jede Taxifahrt ist, basierend auf seiner N\u00e4he zum Kunden, der die Fahrt angefordert hat.<\/li>\n<li>Sobald ein Fahrtauftrag angenommen wurde, dem Kunden die Position des Taxis anzeigen zu k\u00f6nnen, w\u00e4hrend es sich der Abholadresse n\u00e4hert.<\/li>\n<li>Georeferenzen Sie die Position am Anfang und\/oder Ende des Fahrtauftrags, wenn sie nicht von der zentralen Verwaltung empfangen wurde, um die Start- und Zieladresse zu erhalten und sie so auf die Taxi-Tickets drucken zu k\u00f6nnen.<\/li>\n<li>Zeichnen Sie die Position des Taxis zur \u00dcberwachung im Falle eines Notfalls, eines Unfalls oder eines Streits mit dem Kunden auf, oder wenn dies von einer \u00f6rtlichen Aufsichtsbeh\u00f6rde oder der Polizei verlangt wird.<\/li>\n<li>Protokollierung zur Diagnose und Verbesserung der Servicequalit\u00e4t.<\/li>\n<\/ul>\n<p>Die pers\u00f6nliche Telefonnummer des Fahrers (optional). Der alleinige Zweck dieser pers\u00f6nlichen Daten ist wie folgt<\/p>\n<ul>\n<li>Wenn ein Dienst empfangen wird und der Taxifahrer sich au\u00dferhalb des Taxis befindet und in diesem Moment keinen Zugriff auf das Ger\u00e4t hat, auf dem SMART TD installiert ist, kann die SMART TD Anwendung einen automatischen Anruf an die pers\u00f6nliche Nummer des Taxifahrers t\u00e4tigen, der dann wei\u00df, da\u00df er zum Taxi zur\u00fcckkehren mu\u00df, um den Fahrtauftrag anzunehmen und durchzuf\u00fchren.<\/li>\n<\/ul>\n<ol start=\"3\">\n<li><strong>Zugriffsberechtigungen <\/strong><\/li>\n<\/ol>\n<p>SMART TD verwendet die folgenden Berechtigungen f\u00fcr den Zugriff auf pers\u00f6nliche Daten auf dem Smartphone:<\/p>\n<p>Erlaubnis zum Zugriff auf den Standort im Hintergrund<\/p>\n<ul>\n<li>Die Hauptanwendung besteht darin, ihn an die Taxizentrale zu senden, die mit diesen Daten im Berechnungsalgorithmus ermittelt, welches das am besten geeignete Fahrzeug f\u00fcr jeden vom Kunden angeforderten Taxifahrt ist, wobei die N\u00e4he zur Abholadresse ber\u00fccksichtigt wird.<\/li>\n<li>Der Standort ist sowohl bei der Anwendung im Vordergrund als auch im Hintergrund erforderlich, da das Taxi die Position sendet, um ein Kandidat f\u00fcr einen Fahrtauftrag der Zentrale zu sein, auch wenn der Taxifahrer eine andere Anwendung im Vordergrund verwendet oder den Bildschirm des Telefons gesperrt hat.<\/li>\n<li>Die Feinortung wird verwendet, um bei der Entscheidung \u00fcber die Zuteilung von Fahrtauftr\u00e4gen die maximale Genauigkeit der Position des Taxis zu gew\u00e4hrleisten.<\/li>\n<\/ul>\n<p>Zugriffsberechtigung f\u00fcr automatische Telefonanrufe<\/p>\n<ul>\n<li>Wenn ein Dienst empfangen wird und der Taxifahrer sich au\u00dferhalb des Taxis befindet und in diesem Moment keinen Zugang zu dem Ger\u00e4t hat, auf dem SMART TD installiert ist, kann die SMART TD Anwendung einen automatischen Anruf an die pers\u00f6nliche Nummer des Taxifahrers t\u00e4tigen, der dann wei\u00df, da\u00df er zum Taxi zur\u00fcckkehren mu\u00df, um den Dienst zu erledigen.<\/li>\n<\/ul>\n<ol start=\"4\">\n<li><strong>Legitimation<\/strong><\/li>\n<\/ol>\n<p>Die Rechtsgrundlage f\u00fcr die Verarbeitung Ihrer Daten basiert auf Ihrer ausdr\u00fccklichen Einwilligung und der Notwendigkeit, die von Ihrem Vertrag umfa\u00dften SMART TD Dienstleistungen zu erbringen.<\/p>\n<ol start=\"5\">\n<li><strong>Berufsgeheimnis<\/strong><\/li>\n<\/ol>\n<p>Die Identifikation und das Pa\u00dfwort eines Benutzers sind streng pers\u00f6nlich und d\u00fcrfen nicht an Dritte weitergegeben werden. Es liegt in der alleinigen und ausschlie\u00dflichen Verantwortung des Benutzers, die Vertraulichkeit und Sicherheit seiner Zugangsdaten zur Anwendung zu wahren.<\/p>\n<ol start=\"6\">\n<li><strong>Weitergabe an Dritte<\/strong><\/li>\n<\/ol>\n<p>SMART TD verkauft, \u00fcbertr\u00e4gt, vermietet oder \u00fcbermittelt in keiner Weise Informationen oder pers\u00f6nliche Daten seiner Kunden\/Benutzer an Dritte. Einige Daten, wie z. B. Fahrzeugpositionen, k\u00f6nnen zu ihrer Anonymisierung und zur Erstellung von Statistiken verarbeitet werden, und die daraus abgeleiteten Informationen k\u00f6nnen Beh\u00f6rden zur Verf\u00fcgung gestellt werden, die diese ben\u00f6tigen. SMART TD kann personenbezogene Daten, die aufgrund eines gesetzlichen Auftrags, im Rahmen eines gerichtlichen Verfahrens oder im Falle einer Anfrage einer \u00f6ffentlichen Beh\u00f6rde gesammelt wurden, offenlegen.<\/p>\n<ol start=\"7\">\n<li><strong>Benutzerrechte<\/strong><\/li>\n<\/ol>\n<p>Der Benutzer kann jederzeit und kostenlos seine Rechte auf Zugang, Berichtigung, L\u00f6schung, Widerspruch und Einschr\u00e4nkung seiner Daten \u00fcber die oben angegebene Postanschrift oder E-Mail-Adresse von SMART TD gem\u00e4\u00df den in den geltenden Vorschriften festgelegten Bedingungen aus\u00fcben.<\/p>\n<p>In jedem Fall wird der Benutzer dar\u00fcber informiert, da\u00df er, falls er der Meinung ist, da\u00df SMART TD die von den geltenden Datenschutzbestimmungen anerkannten Rechte verletzt hat, die M\u00f6glichkeit hat, eine Klage bei der entsprechenden Kontrollbeh\u00f6rde einzureichen: der spanischen Datenschutzbeh\u00f6rde.<\/p>\n<ol start=\"8\">\n<li><strong>Widerruf der Zustimmung<\/strong><\/li>\n<\/ol>\n<p>Der Nutzer hat das Recht, seine Einwilligung jederzeit zu widerrufen. Durch den Widerruf der Einwilligung wird die G\u00fcltigkeit der bis zum Widerruf erfolgten Datenverarbeitung nicht ber\u00fchrt. Um diese Zustimmung zu widerrufen, kann der Nutzer SMART TD \u00fcber die oben angegebene Postanschrift oder E-Mail-Adresse von SMART TD kontaktieren.<\/p>\n<ol start=\"9\">\n<li><strong>Aufbewahrungsfrist der Daten<\/strong><\/li>\n<\/ol>\n<p>SMART TD bewahrt die personenbezogenen Daten der Nutzer nur so lange auf, wie es f\u00fcr die Durchf\u00fchrung der Zwecke, f\u00fcr die sie erhoben wurden, erforderlich ist, es sei denn, es besteht eine gesetzliche Verpflichtung, sie l\u00e4nger aufzubewahren.<\/p>\n<ol start=\"10\">\n<li><strong>\u00c4nderungen in der Sicherheits- und Datenschutzrichtlinie<\/strong><\/li>\n<\/ol>\n<p>SMART TD beh\u00e4lt sich das Recht vor, seine Sicherheits- und Datenschutzpolitik nach eigenem Ermessen, jederzeit und ohne vorherige Ank\u00fcndigung zu \u00e4ndern, immer in \u00dcbereinstimmung mit der aktuellen spanischen Gesetzgebung zum Datenschutz.<\/p>\n<p>Im Falle einer solchen \u00c4nderung wird SMART TD den Nutzer \u00fcber die betreffenden \u00c4nderungen informieren, wenn diese f\u00fcr seine Privatsph\u00e4re von Bedeutung sind, so da\u00df er die eingef\u00fchrten \u00c4nderungen \u00fcberpr\u00fcfen kann, um den Widerspruch gegen die Verarbeitung personenbezogener Daten zu bewerten oder sich von dem Dienst oder jeder Funktionalit\u00e4t abzumelden. Sollte jedoch eine Einwilligung f\u00fcr andere als die in dieser Datenschutzerkl\u00e4rung genannten Zwecke erforderlich sein, wird die Einwilligung des Nutzers gem\u00e4\u00df den Bestimmungen der jeweils geltenden Datenschutzbestimmungen eingeholt.<\/p>\n<\/div><\/div><\/div><\/div><div class = \"tatsu-column-bg-image-wrap\"><div class = \"tatsu-column-bg-image\" ><\/div><\/div><div class=\"tatsu-overlay tatsu-column-overlay tatsu-animate-none\" ><\/div><\/div><style>.tatsu-row > .tatsu-rJLLwl9-q.tatsu-column{width: 100%;}.tatsu-rJLLwl9-q.tatsu-column > .tatsu-column-inner > .tatsu-column-overlay{mix-blend-mode: normal;}.tatsu-rJLLwl9-q > .tatsu-column-inner > .tatsu-top-divider{z-index: 9999;}.tatsu-rJLLwl9-q > .tatsu-column-inner > .tatsu-bottom-divider{z-index: 9999;}.tatsu-rJLLwl9-q > .tatsu-column-inner > .tatsu-left-divider{z-index: 9999;}.tatsu-rJLLwl9-q > .tatsu-column-inner > .tatsu-right-divider{z-index: 9999;}@media only screen and (max-width:1377px) {.tatsu-row > .tatsu-rJLLwl9-q.tatsu-column{width: 100%;}}@media only screen and (min-width:768px) and (max-width: 1024px) {.tatsu-row > .tatsu-rJLLwl9-q.tatsu-column{width: 100%;}}@media only screen and (max-width: 767px) {.tatsu-row > .tatsu-rJLLwl9-q.tatsu-column{width: 100%;}}<\/style><\/div><\/div><\/div><\/div><div class=\"tatsu-section-background-wrap\"><div class = \"tatsu-section-background\" ><\/div><\/div><div class=\"tatsu-overlay tatsu-section-overlay\"><\/div><style>.tatsu-HkZ88Pg9Z9 .tatsu-section-pad{padding: 90px 0px 90px 0px;}.tatsu-HkZ88Pg9Z9 .tatsu-section-offset-wrap{transform: translateY(-0px);}.tatsu-HkZ88Pg9Z9 > .tatsu-bottom-divider{z-index: 9999;}.tatsu-HkZ88Pg9Z9 > .tatsu-top-divider{z-index: 9999;}.tatsu-HkZ88Pg9Z9 .tatsu-section-overlay{mix-blend-mode: normal;}<\/style><\/div>\n","protected":false},"excerpt":{"rendered":"<p><a href=\"https:\/\/www.taxitronic.com\/de\/bedingungen-smart-td\/\" class=\"more-link style1-button\">Weiterlesen<\/a><\/p>","protected":false},"author":4,"featured_media":0,"parent":0,"menu_order":0,"comment_status":"closed","ping_status":"closed","template":"","meta":{"footnotes":""},"class_list":["post-13442","page","type-page","status-publish","hentry"],"_links":{"self":[{"href":"https:\/\/www.taxitronic.com\/de\/wp-json\/wp\/v2\/pages\/13442","targetHints":{"allow":["GET"]}}],"collection":[{"href":"https:\/\/www.taxitronic.com\/de\/wp-json\/wp\/v2\/pages"}],"about":[{"href":"https:\/\/www.taxitronic.com\/de\/wp-json\/wp\/v2\/types\/page"}],"author":[{"embeddable":true,"href":"https:\/\/www.taxitronic.com\/de\/wp-json\/wp\/v2\/users\/4"}],"replies":[{"embeddable":true,"href":"https:\/\/www.taxitronic.com\/de\/wp-json\/wp\/v2\/comments?post=13442"}],"version-history":[{"count":4,"href":"https:\/\/www.taxitronic.com\/de\/wp-json\/wp\/v2\/pages\/13442\/revisions"}],"predecessor-version":[{"id":13464,"href":"https:\/\/www.taxitronic.com\/de\/wp-json\/wp\/v2\/pages\/13442\/revisions\/13464"}],"wp:attachment":[{"href":"https:\/\/www.taxitronic.com\/de\/wp-json\/wp\/v2\/media?parent=13442"}],"curies":[{"name":"wp","href":"https:\/\/api.w.org\/{rel}","templated":true}]}}