{"id":12593,"date":"2022-03-04T08:28:43","date_gmt":"2022-03-04T08:28:43","guid":{"rendered":"https:\/\/www.taxitronic.com\/terminos-y-condiciones\/"},"modified":"2025-06-02T07:33:26","modified_gmt":"2025-06-02T07:33:26","slug":"termes-et-conditions","status":"publish","type":"page","link":"https:\/\/www.taxitronic.com\/fr\/termes-et-conditions\/","title":{"rendered":"Termes et conditions"},"content":{"rendered":"<div  class=\"tatsu-S1W2noB1b9 tatsu-section  tatsu-bg-overlay   tatsu-clearfix\" data-title=\"\"  data-headerscheme=\"background--dark\"><div class='tatsu-section-pad clearfix' data-padding='{\"d\":\"90px 0px 21px 0px\"}' data-padding-top='90px'><div class=\"tatsu-row-wrap  tatsu-wrap tatsu-row-one-col tatsu-row-has-one-cols tatsu-medium-gutter tatsu-reg-cols  tatsu-clearfix tatsu-S1x33jSkb5\" ><div  class=\"tatsu-row \" ><div  class=\"tatsu-column  tatsu-bg-overlay tatsu-one-col tatsu-column-image-none tatsu-column-effect-none  tatsu-ryhnirkW9\"  data-parallax-speed=\"0\" style=\"\"><div class=\"tatsu-column-inner \" ><div class=\"tatsu-column-pad-wrap\"><div class=\"tatsu-column-pad\" ><div  class=\"tatsu-module tatsu-inline-text clearfix tatsu-B1oJ3H1Z9   \" ><style>.tatsu-B1oJ3H1Z9 .tatsu-inline-text-inner{width: 100%;text-align: left;}.tatsu-B1oJ3H1Z9.tatsu-inline-text .tatsu-inline-text-inner *{font-family : \"Roboto\",-apple-system,BlinkMacSystemFont,'Segoe UI',Roboto,Oxygen-Sans,Ubuntu,Cantarell,'Helvetica Neue',sans-serif;font-weight : 700;text-transform : none;font-size : 50px;}@media only screen and (max-width: 767px) {.tatsu-B1oJ3H1Z9 .tatsu-inline-text-inner{width: 100%;}}<\/style><div class=\"tatsu-inline-text-inner tatsu-align-center\">\n<p>Termes et conditions<\/p>\n<\/div><\/div><\/div><\/div><div class = \"tatsu-column-bg-image-wrap\"><div class = \"tatsu-column-bg-image\" ><\/div><\/div><div class=\"tatsu-overlay tatsu-column-overlay tatsu-animate-none\" ><\/div><\/div><style>.tatsu-row > .tatsu-ryhnirkW9.tatsu-column{width: 100%;}.tatsu-ryhnirkW9.tatsu-column > .tatsu-column-inner > .tatsu-column-overlay{mix-blend-mode: normal;}.tatsu-ryhnirkW9 > .tatsu-column-inner > .tatsu-top-divider{z-index: 9999;}.tatsu-ryhnirkW9 > .tatsu-column-inner > .tatsu-bottom-divider{z-index: 9999;}.tatsu-ryhnirkW9 > .tatsu-column-inner > .tatsu-left-divider{z-index: 9999;}.tatsu-ryhnirkW9 > .tatsu-column-inner > .tatsu-right-divider{z-index: 9999;}@media only screen and (max-width:1377px) {.tatsu-row > .tatsu-ryhnirkW9.tatsu-column{width: 100%;}}@media only screen and (min-width:768px) and (max-width: 1024px) {.tatsu-row > .tatsu-ryhnirkW9.tatsu-column{width: 100%;}}@media only screen and (max-width: 767px) {.tatsu-row > .tatsu-ryhnirkW9.tatsu-column{width: 100%;}}<\/style><\/div><\/div><\/div><\/div><div class=\"tatsu-section-background-wrap\"><div class = \"tatsu-section-background\" ><\/div><\/div><div class=\"tatsu-overlay tatsu-section-overlay\"><\/div><style>.tatsu-S1W2noB1b9 .tatsu-section-pad{padding: 90px 0px 21px 0px;}.tatsu-S1W2noB1b9 .tatsu-section-offset-wrap{transform: translateY(-0px);}.tatsu-S1W2noB1b9 > .tatsu-bottom-divider{z-index: 9999;}.tatsu-S1W2noB1b9 > .tatsu-top-divider{z-index: 9999;}.tatsu-S1W2noB1b9 .tatsu-section-overlay{mix-blend-mode: normal;}<\/style><\/div><div  class=\"tatsu-S1bvUnHybc tatsu-section  tatsu-bg-overlay   tatsu-clearfix\" data-title=\"\"  data-headerscheme=\"background--dark\"><div class='tatsu-section-pad clearfix' data-padding='{\"d\":\"16px 0px 90px 0px\"}' data-padding-top='16px'><div class=\"tatsu-row-wrap  tatsu-wrap tatsu-row-one-col tatsu-row-has-one-cols tatsu-medium-gutter tatsu-reg-cols  tatsu-clearfix tatsu-HJlw8nrkbq\" ><div  class=\"tatsu-row \" ><div  class=\"tatsu-column  tatsu-bg-overlay tatsu-one-col tatsu-column-image-none tatsu-column-effect-none  tatsu-BJwI3HkWc\"  data-parallax-speed=\"0\" style=\"\"><div class=\"tatsu-column-inner \" ><div class=\"tatsu-column-pad-wrap\"><div class=\"tatsu-column-pad\" ><div  class=\"tatsu-module tatsu-inline-text clearfix tatsu-HJKv3BkZ5   \" ><style>.tatsu-HJKv3BkZ5 .tatsu-inline-text-inner{width: 100%;text-align: left;}.tatsu-HJKv3BkZ5.tatsu-inline-text .tatsu-inline-text-inner *{font-family : \"Roboto\",-apple-system,BlinkMacSystemFont,'Segoe UI',Roboto,Oxygen-Sans,Ubuntu,Cantarell,'Helvetica Neue',sans-serif;text-transform : none;font-size : 16px;}@media only screen and (max-width: 767px) {.tatsu-HJKv3BkZ5 .tatsu-inline-text-inner{width: 100%;}}<\/style><div class=\"tatsu-inline-text-inner tatsu-align-center\">\n<p style=\"margin-top: 0.85em; margin-bottom: 0.85em; border-color: #aaaaaa; font: inherit; text-align: left;\"><span style=\"color: #403f3f;\"><strong style=\"border-color: #aaaaaa; font-style: inherit; font-variant: inherit; font-stretch: inherit; font-size: inherit; line-height: inherit; font-family: inherit;\"><u style=\"border-color: #aaaaaa; font: inherit;\">POLITIQUE DE CONFIDENTIALIT\u00c9 TAXITRONIC<\/u><\/strong><\/span><\/p>\n<p style=\"margin-top: 0.85em; margin-bottom: 0.85em; border-color: #aaaaaa; font: inherit; text-align: left;\"><span style=\"color: #403f3f;\">C\u2019est un engagement de INTERFACOM, S.A.U. (ci-apr\u00e8s, \u00ab\u00a0TAXITRONIC\u00a0\u00bb) de respecter la vie priv\u00e9e des utilisateurs ainsi que la protection et la s\u00e9curit\u00e9 de leurs donn\u00e9es personnelles. Par cons\u00e9quent, l\u2019utilisateur est inform\u00e9 de la mani\u00e8re dont TAXITRONIC collecte, traite et prot\u00e8ge les donn\u00e9es personnelles fournies \u00e0 travers ses plateformes en ligne.<\/span><\/p>\n<p style=\"margin-top: 0.85em; margin-bottom: 0.85em; border-color: #aaaaaa; font: inherit; text-align: left;\"><span style=\"color: #403f3f;\">L\u2019utilisateur doit lire attentivement cette politique de confidentialit\u00e9, qui a \u00e9t\u00e9 r\u00e9dig\u00e9e de mani\u00e8re claire et simple pour faciliter la compr\u00e9hension et d\u00e9terminer librement et volontairement si vous souhaitez fournir vos informations personnelles \u00e0 TAXITRONIC.<\/span><\/p>\n<p style=\"margin-top: 0.85em; margin-bottom: 0.85em; border-color: #aaaaaa; font: inherit; text-align: left;\"><span style=\"color: #403f3f;\">De m\u00eame, l\u2019utilisateur garantit qu\u2019il a plus de seize ans et que les informations fournies sont v\u00e9ridiques, exactes, compl\u00e8tes et mises \u00e0 jour, et qu\u2019il est responsable de tout dommage direct ou indirect pouvant \u00eatre caus\u00e9 par suite du manquement \u00e0 cette obligation. Dans le cas o\u00f9 les donn\u00e9es fournies appartiendraient \u00e0 un tiers, l\u2019utilisateur garantit qu\u2019il a inform\u00e9 ledit tiers des aspects contenus dans le pr\u00e9sent document et qu\u2019il a obtenu l\u2019autorisation de fournir ses donn\u00e9es \u00e0 TAXITRONIC aux fins indiqu\u00e9es.<\/span><\/p>\n<ol style=\"margin-left: 15px; padding-left: 0px; border-color: #aaaaaa; font-style: inherit; font-variant: inherit; font-weight: inherit; font-stretch: inherit; font-size: inherit; font-family: inherit; text-align: left;\">\n<li style=\"margin-left: 1em; padding-top: 3px; padding-bottom: 3px; border-color: #aaaaaa; font: inherit;\"><span style=\"color: #403f3f;\"><strong style=\"border-color: #aaaaaa; font-style: inherit; font-variant: inherit; font-stretch: inherit; font-size: inherit; line-height: inherit; font-family: inherit;\">Protection des donn\u00e9es<\/strong><\/span><\/li>\n<\/ol>\n<p style=\"margin-top: 0.85em; margin-bottom: 0.85em; border-color: #aaaaaa; font: inherit; text-align: left;\"><span style=\"color: #403f3f;\">TAXITRONIC a adopt\u00e9 les mesures de s\u00e9curit\u00e9 et les niveaux de protection des donn\u00e9es \u00e0 caract\u00e8re personnel requis par le r\u00e8glement g\u00e9n\u00e9ral (UE) 2016\/679 du 27 avril 2016 relatif \u00e0 la protection des donn\u00e9es (ci-apr\u00e8s d\u00e9nomm\u00e9 \u00ab\u00a0RGPD\u00a0\u00bb) et d\u2019autres r\u00e9glementations applicables. Les donn\u00e9es personnelles collect\u00e9es \u00e0 travers ce site font l\u2019objet d\u2019un traitement automatis\u00e9 et sont incorpor\u00e9es dans un fichier appartenant \u00e0 INTERFACOM, S.A.U., soci\u00e9t\u00e9 de droit espagnole, sous le num\u00e9ro C.I.F. A58225137 et si\u00e8ge social situ\u00e9 Carrer Torrent de l\u2019Estadella 64, 08030 \u2013 Barcelone.<\/span><\/p>\n<p style=\"margin-top: 0.85em; margin-bottom: 0.85em; border-color: #aaaaaa; font: inherit; text-align: left;\"><span style=\"color: #403f3f;\">Pour contacter TAXITRONIC pour toute question relative \u00e0 cette politique de confidentialit\u00e9, vous pouvez le faire via les contacts suivants :<\/span><\/p>\n<p style=\"margin-top: 0.85em; margin-bottom: 0.85em; border-color: #aaaaaa; font: inherit; text-align: left;\"><span style=\"color: #403f3f;\">Carrer Torrent de l\u2019Estadella 64, 08030 \u2013 Barcelone. Ou en envoyant un courriel \u00e0\u00a0<a style=\"border-color: #aaaaaa; font: inherit; max-width: 100%; color: #403f3f;\" href=\"mailto:taxitronic@taxitronic.com\">taxitronic@taxitronic.com<\/a><\/span><\/p>\n<ol style=\"margin-left: 15px; padding-left: 0px; border-color: #aaaaaa; font-style: inherit; font-variant: inherit; font-weight: inherit; font-stretch: inherit; font-size: inherit; font-family: inherit; text-align: left;\" start=\"2\">\n<li style=\"margin-left: 1em; padding-top: 3px; padding-bottom: 3px; border-color: #aaaaaa; font: inherit;\"><span style=\"color: #403f3f;\"><strong style=\"border-color: #aaaaaa; font-style: inherit; font-variant: inherit; font-stretch: inherit; font-size: inherit; line-height: inherit; font-family: inherit;\">Obtention de donn\u00e9es et finalit\u00e9 du traitement<\/strong><\/span><\/li>\n<\/ol>\n<p style=\"margin-top: 0.85em; margin-bottom: 0.85em; border-color: #aaaaaa; font: inherit; text-align: left;\"><span style=\"color: #403f3f;\">La collecte des donn\u00e9es personnelles se fait uniquement et exclusivement \u00e0 travers le formulaire publi\u00e9 dans la section CONTACT, ainsi que par les courriels que les clients peuvent envoyer \u00e0 TAXITRONIC lorsqu\u2019ils font appel \u00e0 nos services.<\/span><\/p>\n<p style=\"margin-top: 0.85em; margin-bottom: 0.85em; border-color: #aaaaaa; font: inherit; text-align: left;\"><span style=\"color: #403f3f;\">TAXITRONIC traitera les donn\u00e9es de l\u2019utilisateur aux fins sp\u00e9cifiques suivantes:<\/span><\/p>\n<ul style=\"margin-left: 7px; padding-left: 0px; border-color: #aaaaaa; font-style: inherit; font-variant: inherit; font-weight: inherit; font-stretch: inherit; font-size: inherit; font-family: inherit; list-style-position: outside; text-align: left;\">\n<li style=\"margin-bottom: 0px; margin-left: 1em; padding-top: 3px; padding-bottom: 3px; border-color: #aaaaaa; font: inherit;\"><span style=\"color: #403f3f;\">Gestion des demandes de produits et \/ o\u00f9 de services<\/span><\/li>\n<li style=\"margin-bottom: 0px; margin-left: 1em; padding-top: 3px; padding-bottom: 3px; border-color: #aaaaaa; font: inherit;\"><span style=\"color: #403f3f;\">Services d\u2019information aux clients ou futurs clients<\/span><\/li>\n<li style=\"margin-bottom: 0px; margin-left: 1em; padding-top: 3px; padding-bottom: 3px; border-color: #aaaaaa; font: inherit;\"><span style=\"color: #403f3f;\">Service client\u00e8le technique et Support<\/span><\/li>\n<li style=\"margin-bottom: 0px; margin-left: 1em; padding-top: 3px; padding-bottom: 3px; border-color: #aaaaaa; font: inherit;\"><span style=\"color: #403f3f;\">Gestion des paiements aux clients<\/span><\/li>\n<li style=\"margin-bottom: 0px; margin-left: 1em; padding-top: 3px; padding-bottom: 3px; border-color: #aaaaaa; font: inherit;\"><span style=\"color: #403f3f;\">Contribuer au d\u00e9veloppement strat\u00e9gique de l\u2019entreprise<\/span><\/li>\n<li style=\"margin-left: 1em; padding-top: 3px; padding-bottom: 3px; border-color: #aaaaaa; font: inherit;\"><span style=\"color: #403f3f;\">Contr\u00f4ler l\u2019utilisation faite du site web<\/span><\/li>\n<\/ul>\n<ol style=\"margin-left: 15px; padding-left: 0px; border-color: #aaaaaa; font-style: inherit; font-variant: inherit; font-weight: inherit; font-stretch: inherit; font-size: inherit; font-family: inherit; text-align: left;\" start=\"3\">\n<li style=\"margin-left: 1em; padding-top: 3px; padding-bottom: 3px; border-color: #aaaaaa; font: inherit;\"><span style=\"color: #403f3f;\"><strong style=\"border-color: #aaaaaa; font-style: inherit; font-variant: inherit; font-stretch: inherit; font-size: inherit; line-height: inherit; font-family: inherit;\">L\u00e9gitimation<\/strong><\/span><\/li>\n<\/ol>\n<p style=\"margin-top: 0.85em; margin-bottom: 0.85em; border-color: #aaaaaa; font: inherit; text-align: left;\"><span style=\"color: #403f3f;\">La base l\u00e9gale pour le traitement de vos donn\u00e9es repose sur votre consentement explicite et sur la n\u00e9cessit\u00e9 d\u2019ex\u00e9cuter les contrats ayant pour objet les produits et \/ ou services de TAXITRONIC que vous engagez. Le fait de remplir le formulaire inclus sur le site ou d\u2019envoyer des courriels ou d\u2019autres communications au propri\u00e9taire du site Web implique le consentement explicite du Demandeur \u00e0 l\u2019inclusion de ses donn\u00e9es personnelles dans le fichier automatis\u00e9 susmentionn\u00e9<\/span><\/p>\n<ol style=\"margin-left: 15px; padding-left: 0px; border-color: #aaaaaa; font-style: inherit; font-variant: inherit; font-weight: inherit; font-stretch: inherit; font-size: inherit; font-family: inherit; text-align: left;\" start=\"4\">\n<li style=\"margin-left: 1em; padding-top: 3px; padding-bottom: 3px; border-color: #aaaaaa; font: inherit;\"><span style=\"color: #403f3f;\"><strong style=\"border-color: #aaaaaa; font-style: inherit; font-variant: inherit; font-stretch: inherit; font-size: inherit; line-height: inherit; font-family: inherit;\">Secret professionnel<\/strong><\/span><\/li>\n<\/ol>\n<p style=\"margin-top: 0.85em; margin-bottom: 0.85em; border-color: #aaaaaa; font: inherit; text-align: left;\"><span style=\"color: #403f3f;\">Toutes les communications priv\u00e9es entre TAXITRONIC et les clients \/ utilisateurs seront consid\u00e9r\u00e9es comme confidentielles.<\/span><\/p>\n<p style=\"margin-top: 0.85em; margin-bottom: 0.85em; border-color: #aaaaaa; font: inherit; text-align: left;\"><span style=\"color: #403f3f;\">Nous recommandons que le demandeur ne fournisse \u00e0 aucun tiers son identifiant, son mot de passe ou ses num\u00e9ros de r\u00e9f\u00e9rence, le cas \u00e9ch\u00e9ant, fournis par TAXITRONIC.<\/span><\/p>\n<ol style=\"margin-left: 15px; padding-left: 0px; border-color: #aaaaaa; font-style: inherit; font-variant: inherit; font-weight: inherit; font-stretch: inherit; font-size: inherit; font-family: inherit; text-align: left;\" start=\"5\">\n<li style=\"margin-left: 1em; padding-top: 3px; padding-bottom: 3px; border-color: #aaaaaa; font: inherit;\"><span style=\"color: #403f3f;\"><strong style=\"border-color: #aaaaaa; font-style: inherit; font-variant: inherit; font-stretch: inherit; font-size: inherit; line-height: inherit; font-family: inherit;\">Cession \u00e0 des tiers<\/strong><\/span><\/li>\n<\/ol>\n<p style=\"margin-top: 0.85em; margin-bottom: 0.85em; border-color: #aaaaaa; font: inherit; text-align: left;\"><span style=\"color: #403f3f;\">TAXITRONIC ne vend pas, c\u00e8de, loue ou transmet de quelque mani\u00e8re que ce soit les informations ou les donn\u00e9es personnelles de ses clients \/ utilisateurs ou de tiers.<\/span><\/p>\n<ol style=\"margin-left: 15px; padding-left: 0px; border-color: #aaaaaa; font-style: inherit; font-variant: inherit; font-weight: inherit; font-stretch: inherit; font-size: inherit; font-family: inherit; text-align: left;\" start=\"6\">\n<li style=\"margin-left: 1em; padding-top: 3px; padding-bottom: 3px; border-color: #aaaaaa; font: inherit;\"><span style=\"color: #403f3f;\"><strong style=\"border-color: #aaaaaa; font-style: inherit; font-variant: inherit; font-stretch: inherit; font-size: inherit; line-height: inherit; font-family: inherit;\">Droits<\/strong><\/span><\/li>\n<\/ol>\n<p style=\"margin-top: 0.85em; margin-bottom: 0.85em; border-color: #aaaaaa; font: inherit; text-align: left;\"><span style=\"color: #403f3f;\">L\u2019utilisateur peut, \u00e0 tout moment et gratuitement, exercer ses droits d\u2019acc\u00e8s, de rectification ou de suppression, d\u2019opposition, de limitation et de portabilit\u00e9 de ses donn\u00e9es, par l\u2019interm\u00e9diaire de l\u2019adresse postale ou du courrier \u00e9lectronique de TAXITRONIC indiqu\u00e9 ci-dessus, dans les termes \u00e9tablis dans la r\u00e9glementation en vigueur.<\/span><\/p>\n<p style=\"margin-top: 0.85em; margin-bottom: 0.85em; border-color: #aaaaaa; font: inherit; text-align: left;\"><span style=\"color: #403f3f;\">En tout \u00e9tat de cause, l\u2019utilisateur est inform\u00e9 que, s\u2019il consid\u00e8re que TAXITRONIC a viol\u00e9 ou a pu violer les droits reconnus par les r\u00e9glementations applicables en mati\u00e8re de protection des donn\u00e9es, il peut adresser une r\u00e9clamation \u00e0 l\u2019autorit\u00e9 de contr\u00f4le correspondante : Agence Espagnole pour la Protection des Donn\u00e9es.<\/span><\/p>\n<ol style=\"margin-left: 15px; padding-left: 0px; border-color: #aaaaaa; font-style: inherit; font-variant: inherit; font-weight: inherit; font-stretch: inherit; font-size: inherit; font-family: inherit; text-align: left;\" start=\"7\">\n<li style=\"margin-left: 1em; padding-top: 3px; padding-bottom: 3px; border-color: #aaaaaa; font: inherit;\"><span style=\"color: #403f3f;\"><strong style=\"border-color: #aaaaaa; font-style: inherit; font-variant: inherit; font-stretch: inherit; font-size: inherit; line-height: inherit; font-family: inherit;\">R\u00e9vocation du consentement<\/strong><\/span><\/li>\n<\/ol>\n<p style=\"margin-top: 0.85em; margin-bottom: 0.85em; border-color: #aaaaaa; font: inherit; text-align: left;\"><span style=\"color: #403f3f;\">Lorsque le traitement de vos donn\u00e9es est bas\u00e9 sur votre consentement et n\u2019affecte pas les donn\u00e9es n\u00e9cessaires \u00e0 la r\u00e9alisation d\u2019un contrat avec l\u2019int\u00e9ress\u00e9, l\u2019acceptation par l\u2019utilisateur que ses donn\u00e9es puissent \u00eatre trait\u00e9es ou transf\u00e9r\u00e9es sera toujours r\u00e9vocable, sans effet r\u00e9troactif. Pour r\u00e9voquer ce consentement, les utilisateurs peuvent contacter TAXITRONIC par les moyens suivants : (sp\u00e9cifier les diff\u00e9rents moyens via l\u2019adresse postale ou l\u2019adresse \u00e9lectronique de TAXITRONIC indiqu\u00e9e ci-dessus).<\/span><\/p>\n<ol style=\"margin-left: 15px; padding-left: 0px; border-color: #aaaaaa; font-style: inherit; font-variant: inherit; font-weight: inherit; font-stretch: inherit; font-size: inherit; font-family: inherit; text-align: left;\" start=\"8\">\n<li style=\"margin-left: 1em; padding-top: 3px; padding-bottom: 3px; border-color: #aaaaaa; font: inherit;\"><span style=\"color: #403f3f;\"><strong style=\"border-color: #aaaaaa; font-style: inherit; font-variant: inherit; font-stretch: inherit; font-size: inherit; line-height: inherit; font-family: inherit;\">P\u00e9riode de conservation des donn\u00e9es<\/strong><\/span><\/li>\n<\/ol>\n<p style=\"margin-top: 0.85em; margin-bottom: 0.85em; border-color: #aaaaaa; font: inherit; text-align: left;\"><span style=\"color: #403f3f;\">TAXITRONIC conservera les donn\u00e9es personnelles des utilisateurs uniquement pendant le temps n\u00e9cessaire \u00e0 la r\u00e9alisation des fins pour lesquelles elles ont \u00e9t\u00e9 collect\u00e9es.<\/span><\/p>\n<ol style=\"margin-left: 15px; padding-left: 0px; border-color: #aaaaaa; font-style: inherit; font-variant: inherit; font-weight: inherit; font-stretch: inherit; font-size: inherit; font-family: inherit; text-align: left;\" start=\"9\">\n<li style=\"margin-left: 1em; padding-top: 3px; padding-bottom: 3px; border-color: #aaaaaa; font: inherit;\"><span style=\"color: #403f3f;\"><strong style=\"border-color: #aaaaaa; font-style: inherit; font-variant: inherit; font-stretch: inherit; font-size: inherit; line-height: inherit; font-family: inherit;\">Caract\u00e8re requis des donn\u00e9es demand\u00e9es<\/strong><\/span><\/li>\n<\/ol>\n<p style=\"margin-top: 0.85em; margin-bottom: 0.85em; border-color: #aaaaaa; font: inherit; text-align: left;\"><span style=\"color: #403f3f;\">Les donn\u00e9es qui, dans les formulaires fournis par TAXITRONIC par l\u2019interm\u00e9diaire de ses plateformes en ligne apparaissent avec un ast\u00e9risque (*), seront n\u00e9cessaires pour se conformer \u00e0 la finalit\u00e9 contractuelle ou l\u00e9gale \u00e9tablie.<\/span><\/p>\n<p style=\"margin-top: 0.85em; margin-bottom: 0.85em; border-color: #aaaaaa; font: inherit; text-align: left;\"><span style=\"color: #403f3f;\">Par cons\u00e9quent, si l\u2019utilisateur ne les fournit pas, TAXITRONIC ne pourra pas r\u00e9pondre \u00e0 votre demande.<\/span><\/p>\n<ol style=\"margin-left: 15px; padding-left: 0px; border-color: #aaaaaa; font-style: inherit; font-variant: inherit; font-weight: inherit; font-stretch: inherit; font-size: inherit; font-family: inherit; text-align: left;\" start=\"10\">\n<li style=\"margin-left: 1em; padding-top: 3px; padding-bottom: 3px; border-color: #aaaaaa; font: inherit;\"><span style=\"color: #403f3f;\"><strong style=\"border-color: #aaaaaa; font-style: inherit; font-variant: inherit; font-stretch: inherit; font-size: inherit; line-height: inherit; font-family: inherit;\">D\u00e9cissions automatis\u00e9es<\/strong><\/span><\/li>\n<\/ol>\n<p style=\"margin-top: 0.85em; margin-bottom: 0.85em; border-color: #aaaaaa; font: inherit; text-align: left;\"><span style=\"color: #403f3f;\">TAXITRONIC n\u2019adopte pas les d\u00e9cissions automatis\u00e9es prises lors du traitement des donn\u00e9es utilisateur.<\/span><\/p>\n<ol style=\"margin-left: 15px; padding-left: 0px; border-color: #aaaaaa; font-style: inherit; font-variant: inherit; font-weight: inherit; font-stretch: inherit; font-size: inherit; font-family: inherit; text-align: left;\" start=\"11\">\n<li style=\"margin-left: 1em; padding-top: 3px; padding-bottom: 3px; border-color: #aaaaaa; font: inherit;\"><span style=\"color: #403f3f;\"><strong style=\"border-color: #aaaaaa; font-style: inherit; font-variant: inherit; font-stretch: inherit; font-size: inherit; line-height: inherit; font-family: inherit;\">Modifications de la politique de s\u00e9curit\u00e9 et de protection des donn\u00e9es<\/strong><\/span><\/li>\n<\/ol>\n<p style=\"margin-top: 0.85em; margin-bottom: 0.85em; border-color: #aaaaaa; font: inherit; text-align: left;\"><span style=\"color: #403f3f;\">TAXITRONIC se r\u00e9serve le droit de modifier sa politique de s\u00e9curit\u00e9 et de protection des donn\u00e9es \u00e0 sa discr\u00e9tion, \u00e0 tout moment et sans pr\u00e9avis, toujours en conformit\u00e9 avec la l\u00e9gislation espagnole en vigueur en mati\u00e8re de protection des donn\u00e9es.<\/span><\/p>\n<p style=\"margin-top: 0.85em; margin-bottom: 0.85em; border-color: #aaaaaa; font: inherit; text-align: left;\"><span style=\"color: #403f3f;\">\u00a0<\/span><\/p>\n<p style=\"margin-top: 0.85em; margin-bottom: 0.85em; border-color: #aaaaaa; font: inherit; text-align: left;\"><span style=\"color: #403f3f;\"><strong style=\"border-color: #aaaaaa; font-style: inherit; font-variant: inherit; font-stretch: inherit; font-size: inherit; line-height: inherit; font-family: inherit;\">TAXITRONIC | Interfacom S.A.U.<\/strong><\/span><br \/>\n<span style=\"color: #403f3f;\">Torrent de l\u2019Estadella 64, 08030 Barcelona<\/span><br \/>\n<span style=\"color: #403f3f;\"><strong style=\"border-color: #aaaaaa; font-style: inherit; font-variant: inherit; font-stretch: inherit; font-size: inherit; line-height: inherit; font-family: inherit;\">Tel.<\/strong>\u00a0+34 93 266 20 30<\/span><br \/>\n<span style=\"color: #403f3f;\"><strong style=\"border-color: #aaaaaa; font-style: inherit; font-variant: inherit; font-stretch: inherit; font-size: inherit; line-height: inherit; font-family: inherit;\">Fax.<\/strong> +34 93 303 34 03<\/span><\/p>\n<\/div><\/div><\/div><\/div><div class = \"tatsu-column-bg-image-wrap\"><div class = \"tatsu-column-bg-image\" ><\/div><\/div><div class=\"tatsu-overlay tatsu-column-overlay tatsu-animate-none\" ><\/div><\/div><style>.tatsu-row > .tatsu-BJwI3HkWc.tatsu-column{width: 100%;}.tatsu-BJwI3HkWc.tatsu-column > .tatsu-column-inner > .tatsu-column-overlay{mix-blend-mode: normal;}.tatsu-BJwI3HkWc > .tatsu-column-inner > .tatsu-top-divider{z-index: 9999;}.tatsu-BJwI3HkWc > .tatsu-column-inner > .tatsu-bottom-divider{z-index: 9999;}.tatsu-BJwI3HkWc > .tatsu-column-inner > .tatsu-left-divider{z-index: 9999;}.tatsu-BJwI3HkWc > .tatsu-column-inner > .tatsu-right-divider{z-index: 9999;}@media only screen and (max-width:1377px) {.tatsu-row > .tatsu-BJwI3HkWc.tatsu-column{width: 100%;}}@media only screen and (min-width:768px) and (max-width: 1024px) {.tatsu-row > .tatsu-BJwI3HkWc.tatsu-column{width: 100%;}}@media only screen and (max-width: 767px) {.tatsu-row > .tatsu-BJwI3HkWc.tatsu-column{width: 100%;}}<\/style><\/div><\/div><\/div><\/div><div class=\"tatsu-section-background-wrap\"><div class = \"tatsu-section-background\" ><\/div><\/div><div class=\"tatsu-overlay tatsu-section-overlay\"><\/div><style>.tatsu-S1bvUnHybc .tatsu-section-pad{padding: 16px 0px 90px 0px;}.tatsu-S1bvUnHybc .tatsu-section-offset-wrap{transform: translateY(-0px);}.tatsu-S1bvUnHybc > .tatsu-bottom-divider{z-index: 9999;}.tatsu-S1bvUnHybc > .tatsu-top-divider{z-index: 9999;}.tatsu-S1bvUnHybc .tatsu-section-overlay{mix-blend-mode: normal;}<\/style><\/div>\n","protected":false},"excerpt":{"rendered":"<p><a href=\"https:\/\/www.taxitronic.com\/fr\/termes-et-conditions\/\" class=\"more-link style1-button\">Read More<\/a><\/p>","protected":false},"author":4,"featured_media":0,"parent":0,"menu_order":0,"comment_status":"closed","ping_status":"closed","template":"","meta":{"footnotes":""},"class_list":["post-12593","page","type-page","status-publish","hentry"],"_links":{"self":[{"href":"https:\/\/www.taxitronic.com\/fr\/wp-json\/wp\/v2\/pages\/12593","targetHints":{"allow":["GET"]}}],"collection":[{"href":"https:\/\/www.taxitronic.com\/fr\/wp-json\/wp\/v2\/pages"}],"about":[{"href":"https:\/\/www.taxitronic.com\/fr\/wp-json\/wp\/v2\/types\/page"}],"author":[{"embeddable":true,"href":"https:\/\/www.taxitronic.com\/fr\/wp-json\/wp\/v2\/users\/4"}],"replies":[{"embeddable":true,"href":"https:\/\/www.taxitronic.com\/fr\/wp-json\/wp\/v2\/comments?post=12593"}],"version-history":[{"count":3,"href":"https:\/\/www.taxitronic.com\/fr\/wp-json\/wp\/v2\/pages\/12593\/revisions"}],"predecessor-version":[{"id":12599,"href":"https:\/\/www.taxitronic.com\/fr\/wp-json\/wp\/v2\/pages\/12593\/revisions\/12599"}],"wp:attachment":[{"href":"https:\/\/www.taxitronic.com\/fr\/wp-json\/wp\/v2\/media?parent=12593"}],"curies":[{"name":"wp","href":"https:\/\/api.w.org\/{rel}","templated":true}]}}