{"id":12664,"date":"2022-03-04T08:33:31","date_gmt":"2022-03-04T08:33:31","guid":{"rendered":"https:\/\/www.taxitronic.com\/taximetros\/"},"modified":"2026-03-16T09:41:41","modified_gmt":"2026-03-16T08:41:41","slug":"taximetres","status":"publish","type":"page","link":"https:\/\/www.taxitronic.com\/fr\/taximetres\/","title":{"rendered":"Taxim\u00e8tres"},"content":{"rendered":"<div  class=\"tatsu-SyWU3xU1W5 tatsu-section  tatsu-bg-overlay   tatsu-clearfix\" data-title=\"\"  data-headerscheme=\"background--dark\"><div class='tatsu-section-pad clearfix' data-padding='{\"d\":\"90px 0px 90px 0px\"}' data-padding-top='90px'><div class=\"tatsu-row-wrap  tatsu-wrap tatsu-row-one-col tatsu-row-has-one-cols tatsu-medium-gutter tatsu-reg-cols  tatsu-clearfix tatsu-BylL2lIJbq\" ><div  class=\"tatsu-row \" ><div  class=\"tatsu-column  tatsu-bg-overlay tatsu-one-col tatsu-column-image-none tatsu-column-effect-none  tatsu-Hy83xLJbc\"  data-parallax-speed=\"0\" style=\"\"><div class=\"tatsu-column-inner \" ><div class=\"tatsu-column-pad-wrap\"><div class=\"tatsu-column-pad\" ><div  class=\"tatsu-module tatsu-text-block-wrap tatsu-B1dpx8yb5  \"><div class=\"tatsu-text-inner tatsu-align-center  clearfix\" ><style>.tatsu-B1dpx8yb5.tatsu-text-block-wrap .tatsu-text-inner{width: 100%;text-align: center;color: rgba(43,46,49,1) ;}.tatsu-B1dpx8yb5 .tatsu-text-inner *{color: rgba(43,46,49,1) ;}.tatsu-B1dpx8yb5.tatsu-text-block-wrap .tatsu-text-inner *{font-family : \"Roboto\",-apple-system,BlinkMacSystemFont,'Segoe UI',Roboto,Oxygen-Sans,Ubuntu,Cantarell,'Helvetica Neue',sans-serif;font-weight : 700;font-size : 64px;}@media only screen and (max-width: 767px) {.tatsu-B1dpx8yb5.tatsu-text-block-wrap .tatsu-text-inner *{font-family : \"Roboto\",-apple-system,BlinkMacSystemFont,'Segoe UI',Roboto,Oxygen-Sans,Ubuntu,Cantarell,'Helvetica Neue',sans-serif;font-weight : 700;text-transform : none;font-size : 44px;}}<\/style>\n<h1>Taxim\u00e8tres<\/h1>\n<\/div><\/div><\/div><\/div><div class = \"tatsu-column-bg-image-wrap\"><div class = \"tatsu-column-bg-image\" ><\/div><\/div><div class=\"tatsu-overlay tatsu-column-overlay tatsu-animate-none\" ><\/div><\/div><style>.tatsu-row > .tatsu-Hy83xLJbc.tatsu-column{width: 100%;}.tatsu-Hy83xLJbc.tatsu-column > .tatsu-column-inner > .tatsu-column-overlay{mix-blend-mode: normal;}.tatsu-Hy83xLJbc > .tatsu-column-inner > .tatsu-top-divider{z-index: 9999;}.tatsu-Hy83xLJbc > .tatsu-column-inner > .tatsu-bottom-divider{z-index: 9999;}.tatsu-Hy83xLJbc > .tatsu-column-inner > .tatsu-left-divider{z-index: 9999;}.tatsu-Hy83xLJbc > .tatsu-column-inner > .tatsu-right-divider{z-index: 9999;}@media only screen and (max-width:1377px) {.tatsu-row > .tatsu-Hy83xLJbc.tatsu-column{width: 100%;}}@media only screen and (min-width:768px) and (max-width: 1024px) {.tatsu-row > .tatsu-Hy83xLJbc.tatsu-column{width: 100%;}}@media only screen and (max-width: 767px) {.tatsu-row > .tatsu-Hy83xLJbc.tatsu-column{width: 100%;}}<\/style><\/div><\/div><\/div><\/div><div class=\"tatsu-section-background-wrap\"><div class = \"tatsu-section-background\" ><\/div><\/div><div class=\"tatsu-overlay tatsu-section-overlay\"><\/div><style>.tatsu-SyWU3xU1W5 .tatsu-section-pad{padding: 90px 0px 90px 0px;}.tatsu-SyWU3xU1W5 .tatsu-section-offset-wrap{transform: translateY(-0px);}.tatsu-SyWU3xU1W5 > .tatsu-bottom-divider{z-index: 9999;}.tatsu-SyWU3xU1W5 > .tatsu-top-divider{z-index: 9999;}.tatsu-SyWU3xU1W5 .tatsu-section-overlay{mix-blend-mode: normal;}<\/style><\/div><div  class=\"tatsu-SJW0lJUkWq tatsu-section  tatsu-bg-overlay   tatsu-clearfix\" data-title=\"\"  data-headerscheme=\"background--dark\"><div class='tatsu-section-pad clearfix' data-padding='{\"d\":\"0px 20px 40px 20px\"}' data-padding-top='0px'><div class=\"tatsu-row-wrap  tatsu-row-full-width tatsu-row-has-one-half tatsu-row-has-two-cols tatsu-medium-gutter tatsu-eq-cols  tatsu-clearfix tatsu-SklRlJUJ-5\" ><div  class=\"tatsu-row \" ><div  class=\"tatsu-column  tatsu-bg-overlay tatsu-one-half tatsu-column-image-none tatsu-column-effect-none  tatsu-B1S-kU1-9\"  data-parallax-speed=\"0\" style=\"\"><div class=\"tatsu-column-inner \" ><div class=\"tatsu-column-pad-wrap\"><div class=\"tatsu-column-pad\" ><div  class=\"tatsu-single-image tatsu-module tatsu-image-lazyload tatsu-image-overflow  tatsu-BJVGNIJbq  \" ><div class=\"tatsu-single-image-inner \" style=\"\" ><div class = \"tatsu-single-image-padding-wrap\" style = \"padding-bottom : 66.75%;\" ><\/div><a href = \"https:\/\/www.taxitronic.com\/fr\/taximetres\/tx80-urba\/\" ><img class = \"tatsu-gradient-border\" alt = \"taximetre\" title = \"taximetre\" data-src = \"https:\/\/www.taxitronic.com\/wp-content\/uploads\/2022\/09\/taximetre.jpeg\" src =\"data:image\/png;base64,iVBORw0KGgoAAAANSUhEUgAAAAEAAAABCAQAAAC1HAwCAAAAC0lEQVR42mNkYAAAAAYAAjCB0C8AAAAASUVORK5CYII=\"  \/><\/a><\/div><style>.tatsu-BJVGNIJbq .tatsu-single-image-inner{border-style: solid;width: 100%;}.tatsu-BJVGNIJbq.tatsu-single-image{transform: translate3d(0px,0px, 0);}<\/style><\/div><div  class=\"tatsu-module tatsu-text-block-wrap tatsu-ryLw48JW5  \"><div class=\"tatsu-text-inner tatsu-align-center  clearfix\" ><style>.tatsu-ryLw48JW5.tatsu-text-block-wrap .tatsu-text-inner{width: 90%;text-align: left;color: rgba(42,48,49,1) ;}.tatsu-ryLw48JW5 .tatsu-text-inner *{color: rgba(42,48,49,1) ;}.tatsu-ryLw48JW5.tatsu-text-block-wrap .tatsu-text-inner *{font-family : \"Roboto\",-apple-system,BlinkMacSystemFont,'Segoe UI',Roboto,Oxygen-Sans,Ubuntu,Cantarell,'Helvetica Neue',sans-serif;font-weight : 700;text-transform : none;font-size : 44px;}<\/style>\n<h2><a href=\"https:\/\/www.taxitronic.com\/fr\/taximetres\/tx80-urba\/\">Taxim\u00e8tre TX80 Urba<\/a><\/h2>\n<\/div><\/div><div  class=\"tatsu-module tatsu-text-block-wrap tatsu-SymTNIk-5  \"><div class=\"tatsu-text-inner tatsu-align-center  clearfix\" ><style>.tatsu-SymTNIk-5.tatsu-text-block-wrap .tatsu-text-inner{width: 90%;text-align: left;color: rgba(42,48,49,1) ;}.tatsu-SymTNIk-5 .tatsu-text-inner *{color: rgba(42,48,49,1) ;}.tatsu-SymTNIk-5.tatsu-text-block-wrap .tatsu-text-inner *{font-family : \"Roboto\",-apple-system,BlinkMacSystemFont,'Segoe UI',Roboto,Oxygen-Sans,Ubuntu,Cantarell,'Helvetica Neue',sans-serif;font-weight : 700;text-transform : none;font-size : 31px;}<\/style>\n<p>Slim &#038; High-Tech<\/p>\n<\/div><\/div><div  class=\"tatsu-module tatsu-text-block-wrap tatsu-HJaJSIJZ5  \"><div class=\"tatsu-text-inner tatsu-align-center  clearfix\" ><style>.tatsu-HJaJSIJZ5.tatsu-text-block-wrap .tatsu-text-inner{width: 90%;text-align: left;color: rgba(42,48,49,1) ;}.tatsu-HJaJSIJZ5 .tatsu-text-inner *{color: rgba(42,48,49,1) ;}.tatsu-HJaJSIJZ5.tatsu-text-block-wrap .tatsu-text-inner *{font-family : \"Roboto\",-apple-system,BlinkMacSystemFont,'Segoe UI',Roboto,Oxygen-Sans,Ubuntu,Cantarell,'Helvetica Neue',sans-serif;font-weight : 500;text-transform : none;font-size : 22px;}@media only screen and (max-width: 767px) {.tatsu-HJaJSIJZ5.tatsu-text-block-wrap .tatsu-text-inner{padding: 0px 0px 30px 0px;}}<\/style>\n<p>Le taxim\u00e8tre o compteur de taxi plus petit et le plus mince de la gamme avec une puissance et une connectivit\u00e9 jamais vue. Avec 5G. Bluetooth. GPS. Clavier capacitif.<\/p>\n<\/div><\/div><\/div><\/div><div class = \"tatsu-column-bg-image-wrap\"><div class = \"tatsu-column-bg-image\" ><\/div><\/div><div class=\"tatsu-overlay tatsu-column-overlay tatsu-animate-none\" ><\/div><\/div><style>.tatsu-row > .tatsu-B1S-kU1-9.tatsu-column{width: 50%;}.tatsu-B1S-kU1-9.tatsu-column > .tatsu-column-inner{background-color: rgba(224,227,224,1);}.tatsu-B1S-kU1-9.tatsu-column > .tatsu-column-inner > .tatsu-column-overlay{mix-blend-mode: normal;}.tatsu-B1S-kU1-9 > .tatsu-column-inner > .tatsu-top-divider{z-index: 9999;}.tatsu-B1S-kU1-9 > .tatsu-column-inner > .tatsu-bottom-divider{z-index: 9999;}.tatsu-B1S-kU1-9 > .tatsu-column-inner > .tatsu-left-divider{z-index: 9999;}.tatsu-B1S-kU1-9 > .tatsu-column-inner > .tatsu-right-divider{z-index: 9999;}@media only screen and (max-width:1377px) {.tatsu-row > .tatsu-B1S-kU1-9.tatsu-column{width: 50%;}}@media only screen and (min-width:768px) and (max-width: 1024px) {.tatsu-row > .tatsu-B1S-kU1-9.tatsu-column{width: 50%;}}@media only screen and (max-width: 767px) {.tatsu-row > .tatsu-B1S-kU1-9.tatsu-column{width: 100%;}}<\/style><\/div><div  class=\"tatsu-column  tatsu-bg-overlay tatsu-one-half tatsu-column-image-none tatsu-column-effect-none  tatsu-SJgrb18y-5\"  data-parallax-speed=\"0\" style=\"\"><div class=\"tatsu-column-inner \" ><div class=\"tatsu-column-pad-wrap\"><div class=\"tatsu-column-pad\" ><div  class=\"tatsu-single-image tatsu-module tatsu-image-lazyload tatsu-image-overflow  tatsu-B1lqmIk-9  \" ><div class=\"tatsu-single-image-inner \" style=\"\" ><div class = \"tatsu-single-image-padding-wrap\" style = \"padding-bottom : 66.631578947368%;\" ><\/div><a href = \"https:\/\/www.taxitronic.com\/fr\/taximetres\/tx80-skyglass\/\" ><img class = \"tatsu-gradient-border\" alt = \"compteur taxi\" title = \"compteur taxi\" data-src = \"https:\/\/www.taxitronic.com\/wp-content\/uploads\/2024\/10\/compteur-taxi.jpeg\" src =\"data:image\/png;base64,iVBORw0KGgoAAAANSUhEUgAAAAEAAAABCAQAAAC1HAwCAAAAC0lEQVR42mNkYAAAAAYAAjCB0C8AAAAASUVORK5CYII=\"  \/><\/a><\/div><style>.tatsu-B1lqmIk-9 .tatsu-single-image-inner{border-style: solid;width: 100%;}.tatsu-B1lqmIk-9.tatsu-single-image{transform: translate3d(0px,0px, 0);}<\/style><\/div><div  class=\"tatsu-module tatsu-text-block-wrap tatsu-HkGi7LyZc  \"><div class=\"tatsu-text-inner tatsu-align-center  clearfix\" ><style>.tatsu-HkGi7LyZc.tatsu-text-block-wrap .tatsu-text-inner{width: 90%;text-align: left;color: rgba(43,46,49,1) ;}.tatsu-HkGi7LyZc .tatsu-text-inner *{color: rgba(43,46,49,1) ;}.tatsu-HkGi7LyZc.tatsu-text-block-wrap .tatsu-text-inner *{font-family : \"Roboto\",-apple-system,BlinkMacSystemFont,'Segoe UI',Roboto,Oxygen-Sans,Ubuntu,Cantarell,'Helvetica Neue',sans-serif;font-weight : 700;font-size : 44px;}@media only screen and (max-width: 767px) {.tatsu-HkGi7LyZc.tatsu-text-block-wrap .tatsu-text-inner *{font-family : \"Roboto\",-apple-system,BlinkMacSystemFont,'Segoe UI',Roboto,Oxygen-Sans,Ubuntu,Cantarell,'Helvetica Neue',sans-serif;font-weight : 700;text-transform : none;font-size : 44px;line-height : 50px;}}<\/style>\n<h2><a href=\"https:\/\/www.taxitronic.com\/fr\/taximetres\/tx80-skyglass\/\">Taxim\u00e8tre TX80 SkyGlass II<\/a><\/h2>\n<\/div><\/div><div  class=\"tatsu-module tatsu-text-block-wrap tatsu-HJZ2VIyZ5  \"><div class=\"tatsu-text-inner tatsu-align-center  clearfix\" ><style>.tatsu-HJZ2VIyZ5.tatsu-text-block-wrap .tatsu-text-inner{width: 90%;text-align: left;color: rgba(43,46,49,1) ;}.tatsu-HJZ2VIyZ5 .tatsu-text-inner *{color: rgba(43,46,49,1) ;}.tatsu-HJZ2VIyZ5.tatsu-text-block-wrap .tatsu-text-inner *{font-family : \"Roboto\",-apple-system,BlinkMacSystemFont,'Segoe UI',Roboto,Oxygen-Sans,Ubuntu,Cantarell,'Helvetica Neue',sans-serif;font-weight : 700;font-size : 31px;}<\/style>\n<p>Breaking the limits<\/p>\n<\/div><\/div><div  class=\"tatsu-module tatsu-text-block-wrap tatsu-Syfzg8yb5  \"><div class=\"tatsu-text-inner tatsu-align-center  clearfix\" ><style>.tatsu-Syfzg8yb5.tatsu-text-block-wrap .tatsu-text-inner{width: 90%;text-align: left;color: rgba(43,48,49,1) ;}.tatsu-Syfzg8yb5 .tatsu-text-inner *{color: rgba(43,48,49,1) ;}.tatsu-Syfzg8yb5.tatsu-text-block-wrap .tatsu-text-inner *{font-family : \"Roboto\",-apple-system,BlinkMacSystemFont,'Segoe UI',Roboto,Oxygen-Sans,Ubuntu,Cantarell,'Helvetica Neue',sans-serif;font-weight : 500;text-transform : none;font-size : 22px;}<\/style>\n<p>Le taxim\u00e8tre r\u00e9troviseur TX80 SkyGlass II repousse toutes les limites. Connect\u00e9 \u00e0 Smart TD, imprimante int\u00e9gr\u00e9e au r\u00e9troviseur, d\u00e9tecteur de faux billets.<\/p>\n<\/div><\/div><\/div><\/div><div class = \"tatsu-column-bg-image-wrap\"><div class = \"tatsu-column-bg-image\" ><\/div><\/div><div class=\"tatsu-overlay tatsu-column-overlay tatsu-animate-none\" ><\/div><\/div><style>.tatsu-row > .tatsu-SJgrb18y-5.tatsu-column{width: 50%;}.tatsu-SJgrb18y-5.tatsu-column > .tatsu-column-inner{background-color: rgba(224,227,224,1);}.tatsu-SJgrb18y-5.tatsu-column > .tatsu-column-inner > .tatsu-column-pad-wrap > .tatsu-column-pad{padding: 0px 0px 30px 0px;}.tatsu-SJgrb18y-5.tatsu-column > .tatsu-column-inner > .tatsu-column-overlay{mix-blend-mode: normal;}.tatsu-SJgrb18y-5 > .tatsu-column-inner > .tatsu-top-divider{z-index: 9999;}.tatsu-SJgrb18y-5 > .tatsu-column-inner > .tatsu-bottom-divider{z-index: 9999;}.tatsu-SJgrb18y-5 > .tatsu-column-inner > .tatsu-left-divider{z-index: 9999;}.tatsu-SJgrb18y-5 > .tatsu-column-inner > .tatsu-right-divider{z-index: 9999;}@media only screen and (max-width:1377px) {.tatsu-row > .tatsu-SJgrb18y-5.tatsu-column{width: 50%;}}@media only screen and (min-width:768px) and (max-width: 1024px) {.tatsu-row > .tatsu-SJgrb18y-5.tatsu-column{width: 50%;}}@media only screen and (max-width: 767px) {.tatsu-row > .tatsu-SJgrb18y-5.tatsu-column{width: 100%;}}<\/style><\/div><\/div><\/div><\/div><div class=\"tatsu-section-background-wrap\"><div class = \"tatsu-section-background\" ><\/div><\/div><div class=\"tatsu-overlay tatsu-section-overlay\"><\/div><style>.tatsu-SJW0lJUkWq .tatsu-section-pad{padding: 0px 20px 40px 20px;}.tatsu-SJW0lJUkWq .tatsu-section-offset-wrap{transform: translateY(-0px);}.tatsu-SJW0lJUkWq > .tatsu-bottom-divider{z-index: 9999;}.tatsu-SJW0lJUkWq > .tatsu-top-divider{z-index: 9999;}.tatsu-SJW0lJUkWq .tatsu-section-overlay{mix-blend-mode: normal;}<\/style><\/div><div  class=\"tatsu-HybkPJ4B39 tatsu-section  tatsu-bg-overlay   tatsu-clearfix\" data-title=\"\"  data-headerscheme=\"background--dark\"><div class='tatsu-section-pad clearfix' data-padding='{\"d\":\"90px 0px 90px 0px\"}' data-padding-top='90px'><div class=\"tatsu-row-wrap  tatsu-wrap tatsu-row-one-col tatsu-row-has-one-cols tatsu-medium-gutter tatsu-reg-cols  tatsu-clearfix tatsu-rylkDkNHn5\" ><div  class=\"tatsu-row \" ><div  class=\"tatsu-column  tatsu-bg-overlay tatsu-one-col tatsu-column-image-none tatsu-column-effect-none  tatsu-H1yDkVBn9\"  data-parallax-speed=\"0\" style=\"\"><div class=\"tatsu-column-inner \" ><div class=\"tatsu-column-pad-wrap\"><div class=\"tatsu-column-pad\" ><div  class=\"tatsu-module tatsu-text-block-wrap tatsu-BkDvyEB25  \"><div class=\"tatsu-text-inner tatsu-align-center  clearfix\" ><style>.tatsu-BkDvyEB25.tatsu-text-block-wrap .tatsu-text-inner{width: 100%;text-align: left;color: rgba(74,74,74,1) ;}.tatsu-BkDvyEB25 .tatsu-text-inner *{color: rgba(74,74,74,1) ;}<\/style>\n<h3>Taxim\u00e8tres Taxitronic<\/h3>\n<p style=\"font-weight: 400;\"><span style=\"font-size: 12pt;\">Taxitronic est leader mondial dans la recherche, la conception et la fabrication de taxim\u00e8tres, terminaux de traitement de donn\u00e9es, lumineux et p\u00e9riph\u00e9riques pour le secteur des taxis sous la marque Taxitronic. En outre, il est un acteur pr\u00e9pond\u00e9rant du d\u00e9veloppement software et d\u2019applications pour la gestion,\u00a0le contr\u00f4le de flotte\u00a0et\u00a0applications pour le chauffeur de taxi et l\u2019utilisateur,\u00a0devenant ainsi un fournisseur de solutions globales unique sur le march\u00e9.<\/span><\/p>\n<p style=\"font-weight: 400;\"><span style=\"font-size: 12pt;\">En 2017, Taxitronic lance le premier mod\u00e8le de la famille TX80, le succ\u00e8s TX80 SkyGlass, le seul <a href=\"https:\/\/www.taxitronic.com\/fr\/taximetres\/tx80-skyglass\/\">taxim\u00e8tre r\u00e9troviseur<\/a> avec <a href=\"https:\/\/www.taxitronic.com\/fr\/ir80-imprimante\/\">imprimante taxi<\/a> int\u00e9gr\u00e9e au monde. Ce nouveau mod\u00e8le inclut d\u2019autres innovations exclusives dans le secteur, comme un lecteur de faux billets et un clavier capacitif qui ne souffre pas de l\u2019usure des claviers m\u00e9caniques. Au cours de la p\u00e9riode 2021-2023, Taxitronic lancera une nouvelle gamme de produits unique fournissant \u00e0 ses installateurs de taxim\u00e8tres dans le monde entier une solution unique et sans pr\u00e9c\u00e9dent sur le march\u00e9. Tous comprenant des communications IoT avec technologie 5G pour pouvoir offrir des services de connectivit\u00e9 \u00e0 valeur ajout\u00e9e pour les taxis et les administrations, afin de donner au secteur du taxi des outils technologiques de premier ordre pour concurrencer le march\u00e9 de la mobilit\u00e9 avec les garanties maximales.<\/span><\/p>\n<\/div><\/div><\/div><\/div><div class = \"tatsu-column-bg-image-wrap\"><div class = \"tatsu-column-bg-image\" ><\/div><\/div><div class=\"tatsu-overlay tatsu-column-overlay tatsu-animate-none\" ><\/div><\/div><style>.tatsu-row > .tatsu-H1yDkVBn9.tatsu-column{width: 100%;}.tatsu-H1yDkVBn9.tatsu-column > .tatsu-column-inner > .tatsu-column-overlay{mix-blend-mode: normal;}.tatsu-H1yDkVBn9 > .tatsu-column-inner > .tatsu-top-divider{z-index: 9999;}.tatsu-H1yDkVBn9 > .tatsu-column-inner > .tatsu-bottom-divider{z-index: 9999;}.tatsu-H1yDkVBn9 > .tatsu-column-inner > .tatsu-left-divider{z-index: 9999;}.tatsu-H1yDkVBn9 > .tatsu-column-inner > .tatsu-right-divider{z-index: 9999;}@media only screen and (max-width:1377px) {.tatsu-row > .tatsu-H1yDkVBn9.tatsu-column{width: 100%;}}@media only screen and (min-width:768px) and (max-width: 1024px) {.tatsu-row > .tatsu-H1yDkVBn9.tatsu-column{width: 100%;}}@media only screen and (max-width: 767px) {.tatsu-row > .tatsu-H1yDkVBn9.tatsu-column{width: 100%;}}<\/style><\/div><\/div><\/div><\/div><div class=\"tatsu-section-background-wrap\"><div class = \"tatsu-section-background\" ><\/div><\/div><div class=\"tatsu-overlay tatsu-section-overlay\"><\/div><style>.tatsu-HybkPJ4B39 .tatsu-section-pad{padding: 90px 0px 90px 0px;}.tatsu-HybkPJ4B39 .tatsu-section-offset-wrap{transform: translateY(-0px);}.tatsu-HybkPJ4B39 > .tatsu-bottom-divider{z-index: 9999;}.tatsu-HybkPJ4B39 > .tatsu-top-divider{z-index: 9999;}.tatsu-HybkPJ4B39 .tatsu-section-overlay{mix-blend-mode: normal;}<\/style><\/div>\n","protected":false},"excerpt":{"rendered":"<p><a href=\"https:\/\/www.taxitronic.com\/fr\/taximetres\/\" class=\"more-link style1-button\">Read More<\/a><\/p>","protected":false},"author":4,"featured_media":0,"parent":0,"menu_order":0,"comment_status":"closed","ping_status":"closed","template":"","meta":{"footnotes":""},"class_list":["post-12664","page","type-page","status-publish","hentry"],"_links":{"self":[{"href":"https:\/\/www.taxitronic.com\/fr\/wp-json\/wp\/v2\/pages\/12664","targetHints":{"allow":["GET"]}}],"collection":[{"href":"https:\/\/www.taxitronic.com\/fr\/wp-json\/wp\/v2\/pages"}],"about":[{"href":"https:\/\/www.taxitronic.com\/fr\/wp-json\/wp\/v2\/types\/page"}],"author":[{"embeddable":true,"href":"https:\/\/www.taxitronic.com\/fr\/wp-json\/wp\/v2\/users\/4"}],"replies":[{"embeddable":true,"href":"https:\/\/www.taxitronic.com\/fr\/wp-json\/wp\/v2\/comments?post=12664"}],"version-history":[{"count":21,"href":"https:\/\/www.taxitronic.com\/fr\/wp-json\/wp\/v2\/pages\/12664\/revisions"}],"predecessor-version":[{"id":81306,"href":"https:\/\/www.taxitronic.com\/fr\/wp-json\/wp\/v2\/pages\/12664\/revisions\/81306"}],"wp:attachment":[{"href":"https:\/\/www.taxitronic.com\/fr\/wp-json\/wp\/v2\/media?parent=12664"}],"curies":[{"name":"wp","href":"https:\/\/api.w.org\/{rel}","templated":true}]}}