{"id":13447,"date":"2022-03-12T10:42:03","date_gmt":"2022-03-12T10:42:03","guid":{"rendered":"https:\/\/www.taxitronic.com\/bedingungen-smart-td\/"},"modified":"2024-01-18T09:26:03","modified_gmt":"2024-01-18T09:26:03","slug":"termini-e-condizioni-smart-td","status":"publish","type":"page","link":"https:\/\/www.taxitronic.com\/it\/termini-e-condizioni-smart-td\/","title":{"rendered":"Politica sulla privacy di Smart TD"},"content":{"rendered":"<div  class=\"tatsu-B1-NXPg5Zc tatsu-section  tatsu-bg-overlay   tatsu-clearfix\" data-title=\"\"  data-headerscheme=\"background--dark\"><div class='tatsu-section-pad clearfix' data-padding='{\"d\":\"90px 0px 90px 0px\"}' data-padding-top='90px'><div class=\"tatsu-row-wrap  tatsu-wrap tatsu-row-one-col tatsu-row-has-one-cols tatsu-medium-gutter tatsu-reg-cols  tatsu-clearfix tatsu-HJx4Qvecb5\" ><div  class=\"tatsu-row \" ><div  class=\"tatsu-column  tatsu-bg-overlay tatsu-one-col tatsu-column-image-none tatsu-column-effect-none  tatsu-ByNmDe5-5\"  data-parallax-speed=\"0\" style=\"\"><div class=\"tatsu-column-inner \" ><div class=\"tatsu-column-pad-wrap\"><div class=\"tatsu-column-pad\" ><div  class=\"tatsu-module tatsu-inline-text clearfix tatsu-B1edwecbq   \" ><style>.tatsu-B1edwecbq .tatsu-inline-text-inner{width: 100%;text-align: left;}.tatsu-B1edwecbq.tatsu-inline-text .tatsu-inline-text-inner *{font-family : \"Roboto\",-apple-system,BlinkMacSystemFont,'Segoe UI',Roboto,Oxygen-Sans,Ubuntu,Cantarell,'Helvetica Neue',sans-serif;font-weight : 700;text-transform : none;font-size : 66px;}@media only screen and (max-width: 767px) {.tatsu-B1edwecbq .tatsu-inline-text-inner{width: 100%;}.tatsu-B1edwecbq.tatsu-inline-text .tatsu-inline-text-inner *{font-family : \"Roboto\",-apple-system,BlinkMacSystemFont,'Segoe UI',Roboto,Oxygen-Sans,Ubuntu,Cantarell,'Helvetica Neue',sans-serif;font-weight : 700;text-transform : none;font-size : 61px;line-height : 57px;}}<\/style><div class=\"tatsu-inline-text-inner tatsu-align-center\">\n<p>Politica sulla privacy Smart TD<\/p>\n<\/div><\/div><\/div><\/div><div class = \"tatsu-column-bg-image-wrap\"><div class = \"tatsu-column-bg-image\" ><\/div><\/div><div class=\"tatsu-overlay tatsu-column-overlay tatsu-animate-none\" ><\/div><\/div><style>.tatsu-row > .tatsu-ByNmDe5-5.tatsu-column{width: 100%;}.tatsu-ByNmDe5-5.tatsu-column > .tatsu-column-inner > .tatsu-column-overlay{mix-blend-mode: normal;}.tatsu-ByNmDe5-5 > .tatsu-column-inner > .tatsu-top-divider{z-index: 9999;}.tatsu-ByNmDe5-5 > .tatsu-column-inner > .tatsu-bottom-divider{z-index: 9999;}.tatsu-ByNmDe5-5 > .tatsu-column-inner > .tatsu-left-divider{z-index: 9999;}.tatsu-ByNmDe5-5 > .tatsu-column-inner > .tatsu-right-divider{z-index: 9999;}@media only screen and (max-width:1377px) {.tatsu-row > .tatsu-ByNmDe5-5.tatsu-column{width: 100%;}}@media only screen and (min-width:768px) and (max-width: 1024px) {.tatsu-row > .tatsu-ByNmDe5-5.tatsu-column{width: 100%;}}@media only screen and (max-width: 767px) {.tatsu-row > .tatsu-ByNmDe5-5.tatsu-column{width: 100%;}}<\/style><\/div><\/div><\/div><\/div><div class=\"tatsu-section-background-wrap\"><div class = \"tatsu-section-background\" ><\/div><\/div><div class=\"tatsu-overlay tatsu-section-overlay\"><\/div><style>.tatsu-B1-NXPg5Zc .tatsu-section-pad{padding: 90px 0px 90px 0px;}.tatsu-B1-NXPg5Zc .tatsu-section-offset-wrap{transform: translateY(-0px);}.tatsu-B1-NXPg5Zc > .tatsu-bottom-divider{z-index: 9999;}.tatsu-B1-NXPg5Zc > .tatsu-top-divider{z-index: 9999;}.tatsu-B1-NXPg5Zc .tatsu-section-overlay{mix-blend-mode: normal;}<\/style><\/div><div  class=\"tatsu-HkZ88Pg9Z9 tatsu-section  tatsu-bg-overlay   tatsu-clearfix\" data-title=\"\"  data-headerscheme=\"background--dark\"><div class='tatsu-section-pad clearfix' data-padding='{\"d\":\"90px 0px 90px 0px\"}' data-padding-top='90px'><div class=\"tatsu-row-wrap  tatsu-wrap tatsu-row-one-col tatsu-row-has-one-cols tatsu-medium-gutter tatsu-reg-cols  tatsu-clearfix tatsu-HJgULPlc-c\" ><div  class=\"tatsu-row \" ><div  class=\"tatsu-column  tatsu-bg-overlay tatsu-one-col tatsu-column-image-none tatsu-column-effect-none  tatsu-rJLLwl9-q\"  data-parallax-speed=\"0\" style=\"\"><div class=\"tatsu-column-inner \" ><div class=\"tatsu-column-pad-wrap\"><div class=\"tatsu-column-pad\" ><div  class=\"tatsu-module tatsu-text-block-wrap tatsu-H12Lwl9Zc  \"><div class=\"tatsu-text-inner tatsu-align-center  clearfix\" ><style>.tatsu-H12Lwl9Zc.tatsu-text-block-wrap .tatsu-text-inner{width: 100%;text-align: left;}<\/style>\n<p><strong>POLITICA SULLA PRIVACY DI SMART TD<\/strong><\/p>\n<p>Il rispetto della privacy degli utenti e della protezione e sicurezza dei loro dati personali \u00e8 un impegno di INTERFACOM, S.A.U., che \u00e8 la societ\u00e0 che sviluppa e gestice l\u2019applicazione SMARTTD. I nomi INTERFACOM, S.A.U. e SMARTTD possono essere utilizzati in modo intercambiabile d\u2019ora in poi ai fini della presente pol\u00edtica sulla privacy.<\/p>\n<p>La presente politica sulla privacy informa l&#8217;utente sul modo in cui SMART TD raccoglie, elabora e protegge i dati personali forniti tramite l&#8217;applicazione. L&#8217;utente deve leggere attentamente la presente politica sulla privacy e determinare liberamente e volontariamente se accetta la politica di utilizzo dei propri dati personali da parte di SMART TD.<\/p>\n<p>Allo stesso modo, l&#8217;utente garantisce di avere pi\u00f9 di diciotto anni di et\u00e0 e che i dati forniti sono veri, accurati, completi e aggiornati, essendo responsabile per qualsiasi danno diretto o indiretto che potrebbe essere causato a seguito di violazione di tale obbligo.<\/p>\n<ol>\n<li><strong>Protezione dei Dati e Responsabilit\u00e0<\/strong><\/li>\n<\/ol>\n<p>SMART TD ha adottato le misure ed i livelli di sicurezza per la protezione dei dati personali richiesti dal Regolamento Generale (UE) 2016\/679, dal 27 aprile 2016, sulla Protezione dei Dati (di seguito, &#8220;RGPD&#8221;) e dalle altre normative applicabili. I dati personali raccolti attraverso questa applicazione sono soggetti a trattamento automatizzato e sono incorporati in un file di propriet\u00e0 e responsabile di INTERFACOM, S.A.U. societ\u00e0 costituita secondo la legislazione spagnola, C.I.F. A-58225137 e con sede legale in Calle Alejandro S\u00e1nchez 109, 28019 &#8211; Madrid.<\/p>\n<p>Per contattare SMART TD per qualsiasi domanda relativa alla presente politica sulla privacy, \u00e8 possibile farlo tramite l&#8217;indirizzo postale di INTERFACOM, S.A.U. con sede in ALEJANDRO SANCHEZ, 109, 28019 &#8211; Madrid, MADRID, o inviando un&#8217;e-mail a privacy@flexitrongroup.com<\/p>\n<ol start=\"2\">\n<li><strong>Acquisizione dei dati personali e finalit\u00e0 del trattamento.<\/strong><\/li>\n<\/ol>\n<p>SmartTD utilizza i seguenti dati personali dell&#8217;utente dell&#8217;applicazione:<\/p>\n<p>&#8211; Codice utente dell&#8217;applicazione SMARTTD<\/p>\n<p>&#8211; Posizione del veicolo in cui \u00e8 installata l&#8217;applicazione SMARTTD. La posizione pu\u00f2 essere inviata al server sia quando l&#8217;applicazione \u00e8 in primo piano, sia quando l&#8217;applicazione \u00e8 in background<\/p>\n<p>&#8211; Numero di telefono del conducente (opzionale)<\/p>\n<p>SMART TD tratter\u00e0 i dati personali dell&#8217;utente per le seguenti finalit\u00e0 specifiche:<\/p>\n<ul>\n<li>Codice utente dell&#8217;applicazione. Le finalit\u00e0 di questi dati personali sono:<\/li>\n<li>Gestione e controllo degli accessi all&#8217;applicazione<\/li>\n<li>Gestione e controllo degli accessi ai servizi forniti dal server a SMARTTD<\/li>\n<li>Registro di logs per diagnosi<\/li>\n<\/ul>\n<p>Posizione del veicolo in cui \u00e8 installata l&#8217;applicazione. La posizione del veicolo viene inviata alla centrale radiotaxi fintanto che l&#8217;utente ha l&#8217;applicazione attiva, sia in primo piano che in background. Gli usi principali della posizione sono:<\/p>\n<ul>\n<li>Alimentare l&#8217;algoritmo di calcolo che decide quale sia il veicolo pi\u00f9 idoneo per ogni servizio taxi, in base alla sua vicinanza al cliente che ha richiesto il servizio.<\/li>\n<li>Una volta che un servizio \u00e8 stato accettato, essere in grado di mostrare al cliente la posizione del taxi mentre si avvicina all&#8217;indirizzo di ritiro.<\/li>\n<li>Georeferenziare la posizione all&#8217;inizio e \/ o alla fine del servizio se non \u00e8 stata ricevuta dal centro direzionale, per ottenere l&#8217;indirizzo di partenza e di arrivo, e quindi poterlo stampare sui biglietti del servizio taxi.<\/li>\n<li>Registrare la posizione del taxi per la supervisione in caso di emergenza, incidente o controversia con il cliente, o se richiesto da un ente di regolamentazione locale o dalla polizia.<\/li>\n<li>Registrazione dei registri per la diagnosi e il miglioramento della qualit\u00e0 del servizio.<\/li>\n<\/ul>\n<p>Numero di telefono personale dell conducente (opzionale). L&#8217;unico scopo di questi dati personali \u00e8 il seguente:<\/p>\n<ul>\n<li>Quando si riceve un servizio, se il tassista \u00e8 fuori dal taxi e in quel momento non ha accesso al dispositivo su cui \u00e8 installato SMARTTD, l&#8217;applicazione SMARTTD pu\u00f2 effettuare una chiamata telefonica automatica al numero personale del tassista , in modo che sappia che deve tornare al taxi per poter accettare ed eseguire il servizio.<\/li>\n<\/ul>\n<ol start=\"3\">\n<li><strong>Autorizzazioni di accesso<\/strong><\/li>\n<\/ol>\n<p>SMARTTD utilizza le seguenti autorizzazioni per accedere ai dati personali sullo smartphone:<\/p>\n<p>Autorizzazione ad accedere alla posizione in background.<\/p>\n<ul>\n<li>L&#8217;applicazione principale \u00e8 quella di inviarlo alla centrale radiotaxi, che con questi dati alimenta l&#8217;algoritmo di calcolo che decide quale sia il veicolo pi\u00f9 idoneo per ogni servizio taxi richiesto dai clienti, tenendo conto della vicinanza all&#8217;indirizzo di raccolta.<\/li>\n<li>La posizione \u00e8 necessaria sia quando l&#8217;applicazione \u00e8 in primo piano sia quando \u00e8 in background, poich\u00e9 il taxi invia la posizione per essere candidato ai servizi in centrale, anche se il tassista sta utilizzando un&#8217;altra applicazione in primo piano, o ha lo schermo del telefono bloccato.<\/li>\n<li>La posizione precisa (fine location) viene utilizzata per garantire la massima precisione della posizione del taxi al momento di decidere l&#8217;assegnazione dei servizi.<\/li>\n<\/ul>\n<p>Autorizzazione all&#8217;accesso alla telefonata automatica<\/p>\n<ul>\n<li>Quando si riceve un servizio, se il tassista \u00e8 fuori dal taxi e in quel momento non ha accesso al dispositivo su cui \u00e8 installato SMARTTD, l&#8217;applicazione SMARTTD pu\u00f2 effettuare una chiamata telefonica automatica al numero personale del tassista , in modo che sappia che deve tornare al taxi per poter fare il servizio.<\/li>\n<\/ul>\n<ol start=\"4\">\n<li><strong>Leggitimazione<\/strong><\/li>\n<\/ol>\n<p>La base giuridica del trattamento dei tuoi dati si basa sul tuo consenso espresso e sulla necessit\u00e0 di fornire i servizi SMART TD oggetto del tuo contratto.<\/p>\n<ol start=\"5\">\n<li><strong>Segreto professionale<\/strong><\/li>\n<\/ol>\n<p>L&#8217;identificazione e la password di un utente sono strettamente personali e non devono essere fornite a utenti di terze parti. \u00c8 responsabilit\u00e0 unica e esclusiva dell&#8217;utente mantenere la riservatezza e la sicurezza dei propri dati di accesso all&#8217;applicazione.<\/p>\n<ol start=\"6\">\n<li><strong>Cessione a terzi<\/strong><\/li>\n<\/ol>\n<p>SMART TD non vende, cede, affitta o trasmette in alcun modo informazioni o dati personali dei propri Clienti \/ Utenti a terzi. Alcuni dati come le posizioni dei veicoli possono essere elaborati per l&#8217;anonimizzazione e per produrre statistiche e le informazioni che ne derivano possono essere fornite agli organismi di regolamentazione che lo richiedono. SMART TD pu\u00f2 divulgare i dati personali raccolti per mandato legale, nell&#8217;ambito di un procedimento giudiziario o in caso di richiesta di un&#8217;autorit\u00e0 pubblica.<\/p>\n<ol start=\"7\">\n<li><strong>Diritti dell\u2019utente<\/strong><\/li>\n<\/ol>\n<p>L&#8217;utente pu\u00f2, in qualsiasi momento e gratuitamente, esercitare i propri diritti di accesso, rettifica, cancellazione, opposizione e limitazione dei propri dati, tramite l&#8217;indirizzo postale o e-mail di SMART TD sopra indicato, nei termini stabiliti dalla normativa vigente.<\/p>\n<p>In ogni caso, l&#8217;utente \u00e8 informato che, se ritiene che SMART TD abbia violato i diritti riconosciuti dalle normative sulla protezione dei dati applicabili, pu\u00f2 presentare un reclamo all&#8217;Autorit\u00e0 di controllo corrispondente: l&#8217;Agenzia Spagnola per la Protezione dei Dati.<\/p>\n<ol start=\"8\">\n<li><strong>Revoca del consenso<\/strong><\/li>\n<\/ol>\n<p>L&#8217;utente ha il diritto di revocare il proprio consenso in qualsiasi momento. La revoca del consenso non pregiudica la validit\u00e0 del trattamento dei dati prima di tale revoca. Per revocare tale consenso, gli utenti possono contattare SMART TD tramite l&#8217;indirizzo postale o e-mail di SMART TD sopra indicato.<\/p>\n<ol start=\"9\">\n<li><strong>Periodo di conservazione dei dati<\/strong><\/li>\n<\/ol>\n<p>SMART TD conserver\u00e0 i dati personali degli utenti solo per il tempo necessario a realizzare gli scopi per i quali sono stati raccolti, salvo che per imperativo legale non sia necessario conservarli per un tempo pi\u00f9 lungo.<\/p>\n<ol start=\"10\">\n<li><strong>Modifiche alla Pol\u00edtica di Sicurezza e Protezzione del Dati<\/strong><\/li>\n<\/ol>\n<p>SMART TD si riserva il diritto di modificare la sua politica di sicurezza e protezione dei dati a sua discrezione, in qualsiasi momento e senza preavviso, sempre in conformit\u00e0 con l&#8217;attuale legislazione spagnola sulla protezione dei dati.<\/p>\n<p>In caso di tale modifica, SMART TD informer\u00e0 l&#8217;utente delle modifiche in questione se significative per la sua privacy, in modo che possa rivedere le modifiche introdotte al fine di valutare l&#8217;opposizione al trattamento dei dati personali o di dare la cancellazione dil servizio o qualsiasi funzionalit\u00e0. Tuttavia, qualora il tuo consenso fosse necessario per finalit\u00e0 diverse previste nella presente politica sulla privacy, verr\u00e0 richiesto il consenso dell&#8217;utente secondo quanto previsto dalla normativa in materia di protezione dei dati vigente in ogni momento.<\/p>\n<\/div><\/div><\/div><\/div><div class = \"tatsu-column-bg-image-wrap\"><div class = \"tatsu-column-bg-image\" ><\/div><\/div><div class=\"tatsu-overlay tatsu-column-overlay tatsu-animate-none\" ><\/div><\/div><style>.tatsu-row > .tatsu-rJLLwl9-q.tatsu-column{width: 100%;}.tatsu-rJLLwl9-q.tatsu-column > .tatsu-column-inner > .tatsu-column-overlay{mix-blend-mode: normal;}.tatsu-rJLLwl9-q > .tatsu-column-inner > .tatsu-top-divider{z-index: 9999;}.tatsu-rJLLwl9-q > .tatsu-column-inner > .tatsu-bottom-divider{z-index: 9999;}.tatsu-rJLLwl9-q > .tatsu-column-inner > .tatsu-left-divider{z-index: 9999;}.tatsu-rJLLwl9-q > .tatsu-column-inner > .tatsu-right-divider{z-index: 9999;}@media only screen and (max-width:1377px) {.tatsu-row > .tatsu-rJLLwl9-q.tatsu-column{width: 100%;}}@media only screen and (min-width:768px) and (max-width: 1024px) {.tatsu-row > .tatsu-rJLLwl9-q.tatsu-column{width: 100%;}}@media only screen and (max-width: 767px) {.tatsu-row > .tatsu-rJLLwl9-q.tatsu-column{width: 100%;}}<\/style><\/div><\/div><\/div><\/div><div class=\"tatsu-section-background-wrap\"><div class = \"tatsu-section-background\" ><\/div><\/div><div class=\"tatsu-overlay tatsu-section-overlay\"><\/div><style>.tatsu-HkZ88Pg9Z9 .tatsu-section-pad{padding: 90px 0px 90px 0px;}.tatsu-HkZ88Pg9Z9 .tatsu-section-offset-wrap{transform: translateY(-0px);}.tatsu-HkZ88Pg9Z9 > .tatsu-bottom-divider{z-index: 9999;}.tatsu-HkZ88Pg9Z9 > .tatsu-top-divider{z-index: 9999;}.tatsu-HkZ88Pg9Z9 .tatsu-section-overlay{mix-blend-mode: normal;}<\/style><\/div>\n","protected":false},"excerpt":{"rendered":"<p><a href=\"https:\/\/www.taxitronic.com\/it\/termini-e-condizioni-smart-td\/\" class=\"more-link style1-button\">Read More<\/a><\/p>","protected":false},"author":4,"featured_media":0,"parent":0,"menu_order":0,"comment_status":"closed","ping_status":"closed","template":"","meta":{"footnotes":""},"class_list":["post-13447","page","type-page","status-publish","hentry"],"_links":{"self":[{"href":"https:\/\/www.taxitronic.com\/it\/wp-json\/wp\/v2\/pages\/13447","targetHints":{"allow":["GET"]}}],"collection":[{"href":"https:\/\/www.taxitronic.com\/it\/wp-json\/wp\/v2\/pages"}],"about":[{"href":"https:\/\/www.taxitronic.com\/it\/wp-json\/wp\/v2\/types\/page"}],"author":[{"embeddable":true,"href":"https:\/\/www.taxitronic.com\/it\/wp-json\/wp\/v2\/users\/4"}],"replies":[{"embeddable":true,"href":"https:\/\/www.taxitronic.com\/it\/wp-json\/wp\/v2\/comments?post=13447"}],"version-history":[{"count":4,"href":"https:\/\/www.taxitronic.com\/it\/wp-json\/wp\/v2\/pages\/13447\/revisions"}],"predecessor-version":[{"id":13463,"href":"https:\/\/www.taxitronic.com\/it\/wp-json\/wp\/v2\/pages\/13447\/revisions\/13463"}],"wp:attachment":[{"href":"https:\/\/www.taxitronic.com\/it\/wp-json\/wp\/v2\/media?parent=13447"}],"curies":[{"name":"wp","href":"https:\/\/api.w.org\/{rel}","templated":true}]}}