{"id":31853,"date":"2021-09-20T14:46:59","date_gmt":"2021-09-20T14:46:59","guid":{"rendered":"https:\/\/www.taxitronic.com\/descargas\/"},"modified":"2026-03-16T09:51:06","modified_gmt":"2026-03-16T08:51:06","slug":"downloads","status":"publish","type":"page","link":"https:\/\/www.taxitronic.com\/pt-pt\/downloads\/","title":{"rendered":"DOWNLOADS"},"content":{"rendered":"<div  class=\"tatsu-HkZde5vemF tatsu-section  tatsu-bg-overlay   tatsu-clearfix\" data-title=\"\"  data-headerscheme=\"background--dark\"><div class='tatsu-section-pad clearfix' data-padding='{\"d\":\"90px 0px 90px 0px\"}' data-padding-top='90px'><div class=\"tatsu-row-wrap  tatsu-wrap tatsu-row-has-one-half tatsu-row-has-two-cols tatsu-medium-gutter tatsu-reg-cols  tatsu-clearfix tatsu-r1ldl5wemt\" ><div  class=\"tatsu-row \" ><div  class=\"tatsu-column  tatsu-bg-overlay tatsu-one-half tatsu-column-align-middle tatsu-column-image-none tatsu-column-effect-none  tatsu-r13zWdxmK\"  data-parallax-speed=\"0\" style=\"\"><div class=\"tatsu-column-inner \" ><div class=\"tatsu-column-pad-wrap\"><div class=\"tatsu-column-pad\" ><div  class=\"tatsu-module tatsu-text-block-wrap tatsu-HkDL5PgXt  \"><div class=\"tatsu-text-inner tatsu-align-center  clearfix\" ><style>.tatsu-HkDL5PgXt.tatsu-text-block-wrap .tatsu-text-inner{width: 100%;text-align: left;}.tatsu-HkDL5PgXt.tatsu-text-block-wrap .tatsu-text-inner *{font-family : \"Roboto\",-apple-system,BlinkMacSystemFont,'Segoe UI',Roboto,Oxygen-Sans,Ubuntu,Cantarell,'Helvetica Neue',sans-serif;}<\/style>\n<h1>Apoio e Download<\/h1>\n<\/div><\/div><div  class=\"tatsu-module tatsu-text-block-wrap tatsu-BypgoDemY  \"><div class=\"tatsu-text-inner tatsu-align-center  clearfix\" ><style>.tatsu-BypgoDemY.tatsu-text-block-wrap .tatsu-text-inner{width: 100%;text-align: left;padding: 0px 20px 0px 0px;}.tatsu-BypgoDemY.tatsu-text-block-wrap .tatsu-text-inner *{font-family : \"Roboto\",-apple-system,BlinkMacSystemFont,'Segoe UI',Roboto,Oxygen-Sans,Ubuntu,Cantarell,'Helvetica Neue',sans-serif;font-weight : 400;text-transform : none;font-size : 20px;line-height : 24px;}<\/style>\n<p>Fa\u00e7a o download da documenta\u00e7\u00e3o necess\u00e1ria.<\/p>\n<\/div><\/div><\/div><\/div><div class = \"tatsu-column-bg-image-wrap\"><div class = \"tatsu-column-bg-image\" ><\/div><\/div><div class=\"tatsu-overlay tatsu-column-overlay tatsu-animate-none\" ><\/div><\/div><style>.tatsu-row > .tatsu-r13zWdxmK.tatsu-column{width: 80%;}.tatsu-r13zWdxmK.tatsu-column > .tatsu-column-inner > .tatsu-column-overlay{mix-blend-mode: normal;}.tatsu-r13zWdxmK > .tatsu-column-inner > .tatsu-top-divider{z-index: 9999;}.tatsu-r13zWdxmK > .tatsu-column-inner > .tatsu-bottom-divider{z-index: 9999;}.tatsu-r13zWdxmK > .tatsu-column-inner > .tatsu-left-divider{z-index: 9999;}.tatsu-r13zWdxmK > .tatsu-column-inner > .tatsu-right-divider{z-index: 9999;}@media only screen and (max-width:1377px) {.tatsu-row > .tatsu-r13zWdxmK.tatsu-column{width: 80%;}}@media only screen and (min-width:768px) and (max-width: 1024px) {.tatsu-row > .tatsu-r13zWdxmK.tatsu-column{width: 100%;}.tatsu-r13zWdxmK.tatsu-column > .tatsu-column-inner > .tatsu-column-pad-wrap > .tatsu-column-pad{padding: 0px 20px 0px 20px;}}@media only screen and (max-width: 767px) {.tatsu-row > .tatsu-r13zWdxmK.tatsu-column{width: 100%;}}<\/style><\/div><div  class=\"tatsu-column  tatsu-bg-overlay tatsu-column-empty tatsu-one-half tatsu-hide-tablet tatsu-hide-mobile tatsu-column-image-none tatsu-column-effect-none  tatsu-HJgnGW_gQt\"  data-parallax-speed=\"0\" style=\"\"><div class=\"tatsu-column-inner \" ><div class=\"tatsu-column-pad-wrap\"><div class=\"tatsu-column-pad\" ><\/div><\/div><div class = \"tatsu-column-bg-image-wrap\"><div class = \"tatsu-column-bg-image\" ><\/div><\/div><div class=\"tatsu-overlay tatsu-column-overlay tatsu-animate-none\" ><\/div><\/div><style>.tatsu-row > .tatsu-HJgnGW_gQt.tatsu-column{width: 20%;}.tatsu-HJgnGW_gQt.tatsu-column > .tatsu-column-inner > .tatsu-column-overlay{mix-blend-mode: normal;}.tatsu-HJgnGW_gQt > .tatsu-column-inner > .tatsu-top-divider{z-index: 9999;}.tatsu-HJgnGW_gQt > .tatsu-column-inner > .tatsu-bottom-divider{z-index: 9999;}.tatsu-HJgnGW_gQt > .tatsu-column-inner > .tatsu-left-divider{z-index: 9999;}.tatsu-HJgnGW_gQt > .tatsu-column-inner > .tatsu-right-divider{z-index: 9999;}@media only screen and (max-width:1377px) {.tatsu-row > .tatsu-HJgnGW_gQt.tatsu-column{width: 20%;}}@media only screen and (min-width:768px) and (max-width: 1024px) {.tatsu-row > .tatsu-HJgnGW_gQt.tatsu-column{width: 50%;}}@media only screen and (max-width: 767px) {.tatsu-row > .tatsu-HJgnGW_gQt.tatsu-column{width: 100%;}}<\/style><\/div><\/div><\/div><\/div><div class=\"tatsu-section-background-wrap\"><div class = \"tatsu-section-background\" ><\/div><\/div><div class=\"tatsu-overlay tatsu-section-overlay\"><\/div><style>.tatsu-HkZde5vemF.tatsu-section{background-color: rgba(237,237,237,1);}.tatsu-HkZde5vemF .tatsu-section-pad{padding: 90px 0px 90px 0px;}.tatsu-HkZde5vemF .tatsu-section-offset-wrap{transform: translateY(-0px);}.tatsu-HkZde5vemF > .tatsu-bottom-divider{z-index: 9999;}.tatsu-HkZde5vemF > .tatsu-top-divider{z-index: 9999;}.tatsu-HkZde5vemF .tatsu-section-overlay{mix-blend-mode: normal;}<\/style><\/div><div  class=\"tatsu-Bkb3LY_d7F tatsu-section  tatsu-bg-overlay   tatsu-clearfix\" data-title=\"\"  data-headerscheme=\"background--dark\"><div class='tatsu-section-pad clearfix' data-padding='{\"d\":\"91px 0px 90px 0px\",\"l\":\"0px 0px 0px 0px\",\"m\":\"90px 0px 90px 0px\"}' data-padding-top='90px'><div class=\"tatsu-row-wrap  tatsu-wrap tatsu-row-one-col tatsu-row-has-one-cols tatsu-medium-gutter tatsu-reg-cols  tatsu-clearfix tatsu-rJU8R1hDt\" ><style>.tatsu-rJU8R1hDt.tatsu-row-wrap > .tatsu-row{padding: 20px 0px 0px 0px;border-width: 1px 0px 0px 0px;border-color: rgba(103,103,103,1); border-style: solid;}@media only screen and (min-width:768px) and (max-width: 1024px) {.tatsu-rJU8R1hDt.tatsu-row-wrap > .tatsu-row{padding: 20px 0px 0px 0px;}}<\/style><div  class=\"tatsu-row \" ><div  class=\"tatsu-column  tatsu-bg-overlay tatsu-one-col tatsu-column-align-middle tatsu-column-image-none tatsu-column-effect-none  tatsu-BJgUIAy3wF\"  data-parallax-speed=\"0\" style=\"\"><div class=\"tatsu-column-inner \" ><div class=\"tatsu-column-pad-wrap\"><div class=\"tatsu-column-pad\" ><div  class = \" tatsu-HyW8qJay_t accordion-wrap oshine-module\" ><div class = \"accordion\" data-collapsed=\"0\"><h3 class=\"accordion-head no-bg tatsu-H1G_n1EuK\" style=\"\">Taxitronic TX80 SkyGlass II<style>.tatsu-H1G_n1EuK.accordion-head{color: rgba(31,179,120,1) ;}<\/style><\/h3><div>\n<p><a href=\"https:\/\/www.taxitronic.com\/wp-content\/uploads\/2023\/09\/Skyglass_II_PT.001.pdf\" target=\"_blank\" rel=\"noopener\"><img loading=\"lazy\" decoding=\"async\" class=\"alignnone size-full wp-image-30976\" src=\"https:\/\/www.taxitronic.com\/wp-content\/uploads\/2021\/11\/icono-pdf.png\" alt=\"icono pdf\" width=\"50\" height=\"61\" srcset=\"https:\/\/www.taxitronic.com\/wp-content\/uploads\/2021\/11\/icono-pdf.png 50w, https:\/\/www.taxitronic.com\/wp-content\/uploads\/2021\/11\/icono-pdf-41x50.png 41w\" sizes=\"auto, (max-width: 50px) 100vw, 50px\" \/><span style=\"color: #000000;\"> Manual do utilizador<\/span><\/a><\/p>\n<p><a href=\"https:\/\/www.taxitronic.com\/wp-content\/uploads\/2023\/11\/Skyglass-II-POR-1.pdf\" target=\"_blank\" rel=\"noopener\"><img loading=\"lazy\" decoding=\"async\" class=\"alignnone size-full wp-image-30976\" src=\"https:\/\/www.taxitronic.com\/wp-content\/uploads\/2021\/11\/icono-pdf.png\" alt=\"icono pdf\" width=\"50\" height=\"61\" srcset=\"https:\/\/www.taxitronic.com\/wp-content\/uploads\/2021\/11\/icono-pdf.png 50w, https:\/\/www.taxitronic.com\/wp-content\/uploads\/2021\/11\/icono-pdf-41x50.png 41w\" sizes=\"auto, (max-width: 50px) 100vw, 50px\" \/><span style=\"color: #000000;\"> Ficha t\u00e9cnica<\/span><\/a><\/p>\n<\/div><h3 class=\"accordion-head no-bg tatsu-ryWlZ4Rgq\" style=\"\">tx80 Urba <style>.tatsu-ryWlZ4Rgq.accordion-head{color: rgba(31,179,120,1) ;}<\/style><\/h3><div>\n<p><a href=\"https:\/\/www.taxitronic.com\/wp-content\/uploads\/2023\/11\/TX80-Urba_TX80-Urba-One_PT.pdf\" target=\"_blank\" rel=\"noopener\" data-wp-editing=\"1\"><img loading=\"lazy\" decoding=\"async\" class=\"alignnone size-full wp-image-30976\" src=\"https:\/\/www.taxitronic.com\/wp-content\/uploads\/2021\/11\/icono-pdf.png\" alt=\"icono pdf\" width=\"50\" height=\"61\" srcset=\"https:\/\/www.taxitronic.com\/wp-content\/uploads\/2021\/11\/icono-pdf.png 50w, https:\/\/www.taxitronic.com\/wp-content\/uploads\/2021\/11\/icono-pdf-41x50.png 41w\" sizes=\"auto, (max-width: 50px) 100vw, 50px\" \/><span style=\"color: #000000;\"> Manual do utilizador<\/span><\/a><\/p>\n<p><a href=\"https:\/\/www.taxitronic.com\/wp-content\/uploads\/2023\/11\/Urba-POR.pdf\" target=\"_blank\" rel=\"noopener\"><img loading=\"lazy\" decoding=\"async\" class=\"alignnone size-full wp-image-30976\" src=\"https:\/\/www.taxitronic.com\/wp-content\/uploads\/2021\/11\/icono-pdf.png\" alt=\"icono pdf\" width=\"50\" height=\"61\" srcset=\"https:\/\/www.taxitronic.com\/wp-content\/uploads\/2021\/11\/icono-pdf.png 50w, https:\/\/www.taxitronic.com\/wp-content\/uploads\/2021\/11\/icono-pdf-41x50.png 41w\" sizes=\"auto, (max-width: 50px) 100vw, 50px\" \/><span style=\"color: #000000;\"> Ficha t\u00e9cnica<\/span><\/a><\/p>\n<\/div><h3 class=\"accordion-head no-bg tatsu-ByZMbECec\" style=\"\">TX80 URBA ONE<style>.tatsu-ByZMbECec.accordion-head{color: rgba(31,179,120,1) ;}<\/style><\/h3><div>\n<p><a href=\"https:\/\/www.taxitronic.com\/wp-content\/uploads\/2023\/11\/TX80-Urba_TX80-Urba-One_PT.pdf\" target=\"_blank\" rel=\"noopener\" data-wp-editing=\"1\"><img loading=\"lazy\" decoding=\"async\" class=\"alignnone size-full wp-image-30976\" src=\"https:\/\/www.taxitronic.com\/wp-content\/uploads\/2021\/11\/icono-pdf.png\" alt=\"icono pdf\" width=\"50\" height=\"61\" srcset=\"https:\/\/www.taxitronic.com\/wp-content\/uploads\/2021\/11\/icono-pdf.png 50w, https:\/\/www.taxitronic.com\/wp-content\/uploads\/2021\/11\/icono-pdf-41x50.png 41w\" sizes=\"auto, (max-width: 50px) 100vw, 50px\" \/> <span style=\"color: #000000;\">Manual do utilizador\u00a0<\/span><\/a><\/p>\n<p><a href=\"https:\/\/www.taxitronic.com\/wp-content\/uploads\/2022\/03\/Urba-One-ESP.pdf\" target=\"_blank\" rel=\"noopener\"><img loading=\"lazy\" decoding=\"async\" class=\"alignnone wp-image-30976 size-full\" src=\"https:\/\/www.taxitronic.com\/wp-content\/uploads\/2021\/11\/icono-pdf.png\" alt=\"icono pdf\" width=\"50\" height=\"61\" srcset=\"https:\/\/www.taxitronic.com\/wp-content\/uploads\/2021\/11\/icono-pdf.png 50w, https:\/\/www.taxitronic.com\/wp-content\/uploads\/2021\/11\/icono-pdf-41x50.png 41w\" sizes=\"auto, (max-width: 50px) 100vw, 50px\" \/><\/a><a href=\"https:\/\/www.taxitronic.com\/wp-content\/uploads\/2022\/03\/Urba-One-ESP.pdf\" target=\"_blank\" rel=\"noopener\" data-wp-editing=\"1\"><span style=\"color: #000000;\"> Ficha t\u00e9cnica<\/span><\/a><\/p>\n<\/div><h3 class=\"accordion-head no-bg tatsu-HJU5Jp1dt\" style=\"\">Tax\u00edmetro TX40<style>.tatsu-HJU5Jp1dt.accordion-head{color: rgba(31,179,120,1) ;}<\/style><\/h3><div>\n<p><a href=\"https:\/\/www.taxitronic.com\/wp-content\/uploads\/2021\/11\/tx40-Manual-Usuario.pdf\" target=\"_blank\" rel=\"noopener\" data-wp-editing=\"1\"><img loading=\"lazy\" decoding=\"async\" class=\"size-full wp-image-30976 alignleft\" src=\"https:\/\/www.taxitronic.com\/wp-content\/uploads\/2021\/11\/icono-pdf.png\" alt=\"icono pdf\" width=\"50\" height=\"61\" srcset=\"https:\/\/www.taxitronic.com\/wp-content\/uploads\/2021\/11\/icono-pdf.png 50w, https:\/\/www.taxitronic.com\/wp-content\/uploads\/2021\/11\/icono-pdf-41x50.png 41w\" sizes=\"auto, (max-width: 50px) 100vw, 50px\" \/> <span style=\"color: #000000;\">Manual do utilizador<\/span><\/a><\/p>\n<p>\u00a0<\/p>\n<p><a href=\"https:\/\/www.taxitronic.com\/wp-content\/uploads\/2022\/05\/TX40-Ficha-Tecnica-ES.pdf\" target=\"_blank\" rel=\"noopener\" data-wp-editing=\"1\"><img loading=\"lazy\" decoding=\"async\" class=\"size-full wp-image-30976 alignleft\" src=\"https:\/\/www.taxitronic.com\/wp-content\/uploads\/2021\/11\/icono-pdf.png\" alt=\"icono pdf\" width=\"50\" height=\"61\" srcset=\"https:\/\/www.taxitronic.com\/wp-content\/uploads\/2021\/11\/icono-pdf.png 50w, https:\/\/www.taxitronic.com\/wp-content\/uploads\/2021\/11\/icono-pdf-41x50.png 41w\" sizes=\"auto, (max-width: 50px) 100vw, 50px\" \/><\/a><span style=\"color: #000000;\"> <a style=\"color: #000000;\" href=\"https:\/\/www.taxitronic.com\/wp-content\/uploads\/2022\/05\/TX40-Ficha-Tecnica-ES.pdf\" target=\"_blank\" rel=\"noopener\">Ficha t\u00e9cnica<\/a><\/span><\/p>\n<\/div><h3 class=\"accordion-head no-bg tatsu-rJlLq1T1uK\" style=\"\">Tax\u00edmetro TX52<style>.tatsu-rJlLq1T1uK.accordion-head{color: rgba(31,179,120,1) ;}<\/style><\/h3><div>\n<p><a href=\"https:\/\/www.taxitronic.com\/wp-content\/uploads\/2021\/11\/tx52-Manual-Usuario.pdf\" target=\"_blank\" rel=\"noopener\"><img loading=\"lazy\" decoding=\"async\" class=\"size-full wp-image-30976 alignleft\" src=\"https:\/\/www.taxitronic.com\/wp-content\/uploads\/2021\/11\/icono-pdf.png\" alt=\"icono pdf\" width=\"50\" height=\"61\" srcset=\"https:\/\/www.taxitronic.com\/wp-content\/uploads\/2021\/11\/icono-pdf.png 50w, https:\/\/www.taxitronic.com\/wp-content\/uploads\/2021\/11\/icono-pdf-41x50.png 41w\" sizes=\"auto, (max-width: 50px) 100vw, 50px\" \/><span style=\"color: #000000;\"> Manual do utilizador<\/span><\/a><\/p>\n<p>\u00a0<\/p>\n<p><span style=\"color: #000000;\"><a style=\"color: #000000;\" href=\"https:\/\/www.taxitronic.com\/wp-content\/uploads\/2022\/05\/TX52-Ficha-Tecnica-ES.pdf\" target=\"_blank\" rel=\"noopener\"><img loading=\"lazy\" decoding=\"async\" class=\"size-full wp-image-30976 alignleft\" src=\"https:\/\/www.taxitronic.com\/wp-content\/uploads\/2021\/11\/icono-pdf.png\" alt=\"icono pdf\" width=\"50\" height=\"61\" srcset=\"https:\/\/www.taxitronic.com\/wp-content\/uploads\/2021\/11\/icono-pdf.png 50w, https:\/\/www.taxitronic.com\/wp-content\/uploads\/2021\/11\/icono-pdf-41x50.png 41w\" sizes=\"auto, (max-width: 50px) 100vw, 50px\" \/><\/a><a style=\"color: #000000;\" href=\"https:\/\/www.taxitronic.com\/wp-content\/uploads\/2022\/05\/TX52-Ficha-Tecnica-ES.pdf\" target=\"_blank\" rel=\"noopener\">Ficha t\u00e9cnica<\/a><\/span><\/p>\n<\/div><h3 class=\"accordion-head no-bg tatsu-r1adnyNdt\" style=\"\">Tax\u00edmetro TXD70<style>.tatsu-r1adnyNdt.accordion-head{color: rgba(31,179,120,1) ;}<\/style><\/h3><div>\n<p><a href=\"https:\/\/www.taxitronic.com\/wp-content\/uploads\/2024\/02\/Manual-Usuario-TXD70_es_v3_compressed.pdf\" target=\"_blank\" rel=\"noopener\"><img loading=\"lazy\" decoding=\"async\" class=\"alignnone size-full wp-image-30976\" src=\"https:\/\/www.taxitronic.com\/wp-content\/uploads\/2021\/11\/icono-pdf.png\" alt=\"icono pdf\" width=\"50\" height=\"61\" srcset=\"https:\/\/www.taxitronic.com\/wp-content\/uploads\/2021\/11\/icono-pdf.png 50w, https:\/\/www.taxitronic.com\/wp-content\/uploads\/2021\/11\/icono-pdf-41x50.png 41w\" sizes=\"auto, (max-width: 50px) 100vw, 50px\" \/><span style=\"color: #333333;\"> Manual do utilizador<\/span><\/a><\/p>\n<p><a href=\"https:\/\/www.taxitronic.com\/wp-content\/uploads\/2021\/11\/txd70-Manual-Usuario-Navegador.pdf\" target=\"_blank\" rel=\"noopener\"><span style=\"color: #333333;\"><img loading=\"lazy\" decoding=\"async\" class=\"alignnone size-full wp-image-30976\" src=\"https:\/\/www.taxitronic.com\/wp-content\/uploads\/2021\/11\/icono-pdf.png\" alt=\"icono pdf\" width=\"50\" height=\"61\" srcset=\"https:\/\/www.taxitronic.com\/wp-content\/uploads\/2021\/11\/icono-pdf.png 50w, https:\/\/www.taxitronic.com\/wp-content\/uploads\/2021\/11\/icono-pdf-41x50.png 41w\" sizes=\"auto, (max-width: 50px) 100vw, 50px\" \/> <span style=\"color: #000000;\">Manual de Usuario Na<\/span><\/span><span style=\"color: #000000;\">vegador<\/span><\/a><\/p>\n<p><a href=\"https:\/\/www.taxitronic.com\/wp-content\/uploads\/2022\/05\/TXD70-Ficha-Tecnica-ES.pdf\" target=\"_blank\" rel=\"noopener\"><span style=\"color: #000000;\"><img loading=\"lazy\" decoding=\"async\" class=\"alignnone size-full wp-image-30976\" src=\"https:\/\/www.taxitronic.com\/wp-content\/uploads\/2021\/11\/icono-pdf.png\" alt=\"icono pdf\" width=\"50\" height=\"61\" srcset=\"https:\/\/www.taxitronic.com\/wp-content\/uploads\/2021\/11\/icono-pdf.png 50w, https:\/\/www.taxitronic.com\/wp-content\/uploads\/2021\/11\/icono-pdf-41x50.png 41w\" sizes=\"auto, (max-width: 50px) 100vw, 50px\" \/> Ficha t\u00e9cnica<\/span><\/a><\/p>\n<\/div><h3 class=\"accordion-head no-bg tatsu-r10O3kV_Y\" style=\"\">Tax\u00edmetro TX30<style>.tatsu-r10O3kV_Y.accordion-head{color: rgba(31,179,120,1) ;}<\/style><\/h3><div>\n<p><img loading=\"lazy\" decoding=\"async\" class=\"alignnone size-full wp-image-30976\" src=\"https:\/\/www.taxitronic.com\/wp-content\/uploads\/2021\/11\/icono-pdf.png\" alt=\"icono pdf\" width=\"50\" height=\"61\" srcset=\"https:\/\/www.taxitronic.com\/wp-content\/uploads\/2021\/11\/icono-pdf.png 50w, https:\/\/www.taxitronic.com\/wp-content\/uploads\/2021\/11\/icono-pdf-41x50.png 41w\" sizes=\"auto, (max-width: 50px) 100vw, 50px\" \/> Manual do utilizador<\/p>\n<p><img loading=\"lazy\" decoding=\"async\" class=\"alignnone size-full wp-image-30976\" src=\"https:\/\/www.taxitronic.com\/wp-content\/uploads\/2021\/11\/icono-pdf.png\" alt=\"icono pdf\" width=\"50\" height=\"61\" srcset=\"https:\/\/www.taxitronic.com\/wp-content\/uploads\/2021\/11\/icono-pdf.png 50w, https:\/\/www.taxitronic.com\/wp-content\/uploads\/2021\/11\/icono-pdf-41x50.png 41w\" sizes=\"auto, (max-width: 50px) 100vw, 50px\" \/> Ficha t\u00e9cnica<\/p>\n<\/div><h3 class=\"accordion-head no-bg tatsu-SygKhy4dY\" style=\"\">Tax\u00edmetro tc60-tv60 (GOBOX)<style>.tatsu-SygKhy4dY.accordion-head{color: rgba(31,179,120,1) ;}<\/style><\/h3><div>\n<p><span style=\"color: #333333;\"><a style=\"color: #333333;\" href=\"https:\/\/www.taxitronic.com\/wp-content\/uploads\/2021\/11\/gobox-Manual-Usuario.pdf\" target=\"_blank\" rel=\"noopener\"><img loading=\"lazy\" decoding=\"async\" class=\"alignnone size-full wp-image-30976\" src=\"https:\/\/www.taxitronic.com\/wp-content\/uploads\/2021\/11\/icono-pdf.png\" alt=\"icono pdf\" width=\"50\" height=\"61\" srcset=\"https:\/\/www.taxitronic.com\/wp-content\/uploads\/2021\/11\/icono-pdf.png 50w, https:\/\/www.taxitronic.com\/wp-content\/uploads\/2021\/11\/icono-pdf-41x50.png 41w\" sizes=\"auto, (max-width: 50px) 100vw, 50px\" \/> Manual do utilizador\u00a0<\/a><\/span><\/p>\n<p><span style=\"color: #333333;\"><img loading=\"lazy\" decoding=\"async\" class=\"alignnone size-full wp-image-30976\" src=\"https:\/\/www.taxitronic.com\/wp-content\/uploads\/2021\/11\/icono-pdf.png\" alt=\"icono pdf\" width=\"50\" height=\"61\" srcset=\"https:\/\/www.taxitronic.com\/wp-content\/uploads\/2021\/11\/icono-pdf.png 50w, https:\/\/www.taxitronic.com\/wp-content\/uploads\/2021\/11\/icono-pdf-41x50.png 41w\" sizes=\"auto, (max-width: 50px) 100vw, 50px\" \/> Ficha t\u00e9cnica<\/span><\/p>\n<\/div><h3 class=\"accordion-head no-bg tatsu-H1edG91Zq\" style=\"\">IMPRESORA IR80<style>.tatsu-H1edG91Zq.accordion-head{color: rgba(31,179,120,1) ;}<\/style><\/h3><div>\n<p><a href=\"https:\/\/www.taxitronic.com\/wp-content\/uploads\/2024\/09\/manual-usuario-IR80_PT.pdf\" target=\"_blank\" rel=\"noopener\"><img loading=\"lazy\" decoding=\"async\" class=\"alignnone size-full wp-image-30976\" src=\"https:\/\/www.taxitronic.com\/wp-content\/uploads\/2021\/11\/icono-pdf.png\" alt=\"icono pdf\" width=\"50\" height=\"61\" srcset=\"https:\/\/www.taxitronic.com\/wp-content\/uploads\/2021\/11\/icono-pdf.png 50w, https:\/\/www.taxitronic.com\/wp-content\/uploads\/2021\/11\/icono-pdf-41x50.png 41w\" sizes=\"auto, (max-width: 50px) 100vw, 50px\" \/> <span style=\"color: #000000;\">Manual do utilizador<\/span><\/a><\/p>\n<p><a href=\"https:\/\/www.taxitronic.com\/wp-content\/uploads\/2024\/09\/IR80-PRT-.pdf\" target=\"_blank\" rel=\"noopener\"><span style=\"color: #000000;\"><img loading=\"lazy\" decoding=\"async\" class=\"alignnone size-full wp-image-30976\" src=\"https:\/\/www.taxitronic.com\/wp-content\/uploads\/2021\/11\/icono-pdf.png\" alt=\"icono pdf\" width=\"50\" height=\"61\" srcset=\"https:\/\/www.taxitronic.com\/wp-content\/uploads\/2021\/11\/icono-pdf.png 50w, https:\/\/www.taxitronic.com\/wp-content\/uploads\/2021\/11\/icono-pdf-41x50.png 41w\" sizes=\"auto, (max-width: 50px) 100vw, 50px\" \/> Ficha t\u00e9cnica<\/span><\/a><\/p>\n<\/div><h3 class=\"accordion-head no-bg tatsu-HJsnRJ4_F\" style=\"\">iMPRESORA IR32<style>.tatsu-HJsnRJ4_F.accordion-head{color: rgba(31,179,120,1) ;}<\/style><\/h3><div>\n<p><a href=\"https:\/\/www.taxitronic.com\/wp-content\/uploads\/2022\/03\/ir32-Manual-Usuario.pdf\" target=\"_blank\" rel=\"noopener\"><img loading=\"lazy\" decoding=\"async\" class=\"alignnone size-full wp-image-30976\" src=\"https:\/\/www.taxitronic.com\/wp-content\/uploads\/2021\/11\/icono-pdf.png\" alt=\"icono pdf\" width=\"50\" height=\"61\" srcset=\"https:\/\/www.taxitronic.com\/wp-content\/uploads\/2021\/11\/icono-pdf.png 50w, https:\/\/www.taxitronic.com\/wp-content\/uploads\/2021\/11\/icono-pdf-41x50.png 41w\" sizes=\"auto, (max-width: 50px) 100vw, 50px\" \/><span style=\"color: #333333;\"> Manual do utilizador<\/span><\/a><\/p>\n<p><a href=\"https:\/\/www.taxitronic.com\/wp-content\/uploads\/2022\/05\/IR32-Ficha-Tecnica-ES.pdf\" target=\"_blank\" rel=\"noopener\"><img loading=\"lazy\" decoding=\"async\" class=\"alignnone size-full wp-image-30976\" src=\"https:\/\/www.taxitronic.com\/wp-content\/uploads\/2021\/11\/icono-pdf.png\" alt=\"icono pdf\" width=\"50\" height=\"61\" srcset=\"https:\/\/www.taxitronic.com\/wp-content\/uploads\/2021\/11\/icono-pdf.png 50w, https:\/\/www.taxitronic.com\/wp-content\/uploads\/2021\/11\/icono-pdf-41x50.png 41w\" sizes=\"auto, (max-width: 50px) 100vw, 50px\" \/><span style=\"color: #333333;\"> Ficha t\u00e9cnica<\/span><\/a><\/p>\n<\/div><h3 class=\"accordion-head no-bg tatsu-rk6pRy4dt\" style=\"\">sMART TD<style>.tatsu-rk6pRy4dt.accordion-head{color: rgba(31,179,120,1) ;}<\/style><\/h3><div>\n<p><a href=\"https:\/\/www.taxitronic.com\/wp-content\/uploads\/2023\/11\/SmartTD_V2_pt_V7.pdf\" target=\"_blank\" rel=\"noopener\"><img loading=\"lazy\" decoding=\"async\" class=\"alignnone size-full wp-image-30976\" src=\"https:\/\/www.taxitronic.com\/wp-content\/uploads\/2021\/11\/icono-pdf.png\" alt=\"icono pdf\" width=\"50\" height=\"61\" srcset=\"https:\/\/www.taxitronic.com\/wp-content\/uploads\/2021\/11\/icono-pdf.png 50w, https:\/\/www.taxitronic.com\/wp-content\/uploads\/2021\/11\/icono-pdf-41x50.png 41w\" sizes=\"auto, (max-width: 50px) 100vw, 50px\" \/><span style=\"color: #333333;\">\u00a0 Manual do utilizador\u00a0<\/span><\/a><\/p>\n<\/div><\/div><\/div><\/div><\/div><div class = \"tatsu-column-bg-image-wrap\"><div class = \"tatsu-column-bg-image\" ><\/div><\/div><div class=\"tatsu-overlay tatsu-column-overlay tatsu-animate-none\" ><\/div><\/div><style>.tatsu-row > .tatsu-BJgUIAy3wF.tatsu-column{width: 100%;}.tatsu-BJgUIAy3wF.tatsu-column > .tatsu-column-inner > .tatsu-column-overlay{mix-blend-mode: normal;}.tatsu-BJgUIAy3wF > .tatsu-column-inner > .tatsu-top-divider{z-index: 9999;}.tatsu-BJgUIAy3wF > .tatsu-column-inner > .tatsu-bottom-divider{z-index: 9999;}.tatsu-BJgUIAy3wF > .tatsu-column-inner > .tatsu-left-divider{z-index: 9999;}.tatsu-BJgUIAy3wF > .tatsu-column-inner > .tatsu-right-divider{z-index: 9999;}@media only screen and (max-width:1377px) {.tatsu-row > .tatsu-BJgUIAy3wF.tatsu-column{width: 100%;}.tatsu-BJgUIAy3wF.tatsu-column > .tatsu-column-inner > .tatsu-column-pad-wrap > .tatsu-column-pad{padding: 0px 10px 0px 10px;}}@media only screen and (min-width:768px) and (max-width: 1024px) {.tatsu-row > .tatsu-BJgUIAy3wF.tatsu-column{width: 100%;}}@media only screen and (max-width: 767px) {.tatsu-row > .tatsu-BJgUIAy3wF.tatsu-column{width: 100%;}}<\/style><\/div><\/div><\/div><\/div><div class=\"tatsu-section-background-wrap\"><div class = \"tatsu-section-background\" ><\/div><\/div><div class=\"tatsu-overlay tatsu-section-overlay\"><\/div><style>.tatsu-Bkb3LY_d7F .tatsu-section-pad{padding: 91px 0px 90px 0px;}.tatsu-Bkb3LY_d7F .tatsu-section-offset-wrap{transform: translateY(-0px);}.tatsu-Bkb3LY_d7F > .tatsu-bottom-divider{z-index: 9999;}.tatsu-Bkb3LY_d7F > .tatsu-top-divider{z-index: 9999;}.tatsu-Bkb3LY_d7F .tatsu-section-overlay{mix-blend-mode: normal;}@media only screen and (max-width:1377px) {.tatsu-Bkb3LY_d7F .tatsu-section-pad{padding: 0px 0px 0px 0px;}}@media only screen and (max-width: 767px) {.tatsu-Bkb3LY_d7F .tatsu-section-pad{padding: 90px 0px 90px 0px;}}<\/style><\/div>\n","protected":false},"excerpt":{"rendered":"<p><a href=\"https:\/\/www.taxitronic.com\/pt-pt\/downloads\/\" class=\"more-link style1-button\">Read More<\/a><\/p>","protected":false},"author":1,"featured_media":0,"parent":0,"menu_order":0,"comment_status":"closed","ping_status":"closed","template":"","meta":{"footnotes":""},"class_list":["post-31853","page","type-page","status-publish","hentry"],"_links":{"self":[{"href":"https:\/\/www.taxitronic.com\/pt-pt\/wp-json\/wp\/v2\/pages\/31853","targetHints":{"allow":["GET"]}}],"collection":[{"href":"https:\/\/www.taxitronic.com\/pt-pt\/wp-json\/wp\/v2\/pages"}],"about":[{"href":"https:\/\/www.taxitronic.com\/pt-pt\/wp-json\/wp\/v2\/types\/page"}],"author":[{"embeddable":true,"href":"https:\/\/www.taxitronic.com\/pt-pt\/wp-json\/wp\/v2\/users\/1"}],"replies":[{"embeddable":true,"href":"https:\/\/www.taxitronic.com\/pt-pt\/wp-json\/wp\/v2\/comments?post=31853"}],"version-history":[{"count":36,"href":"https:\/\/www.taxitronic.com\/pt-pt\/wp-json\/wp\/v2\/pages\/31853\/revisions"}],"predecessor-version":[{"id":44711,"href":"https:\/\/www.taxitronic.com\/pt-pt\/wp-json\/wp\/v2\/pages\/31853\/revisions\/44711"}],"wp:attachment":[{"href":"https:\/\/www.taxitronic.com\/pt-pt\/wp-json\/wp\/v2\/media?parent=31853"}],"curies":[{"name":"wp","href":"https:\/\/api.w.org\/{rel}","templated":true}]}}